{"id":26848,"date":"2021-02-01T08:23:10","date_gmt":"2021-02-01T07:23:10","guid":{"rendered":"https:\/\/ruraleasy.com\/?page_id=26848"},"modified":"2026-03-18T12:13:38","modified_gmt":"2026-03-18T11:13:38","slug":"politica-de-privacidad","status":"publish","type":"page","link":"https:\/\/ruraleasy.com\/es\/politica-de-privacidad\/","title":{"rendered":"Pol\u00edtica de privacidad"},"content":{"rendered":"\t\t<div data-elementor-type=\"wp-page\" data-elementor-id=\"26848\" class=\"elementor elementor-26848 elementor-12954\">\n\t\t\t\t\t\t<section class=\"elementor-section elementor-top-section elementor-element elementor-element-2b1184b0 elementor-section-boxed elementor-section-height-default elementor-section-height-default sc_fly_static\" data-id=\"2b1184b0\" data-element_type=\"section\" data-e-type=\"section\" data-settings=\"{&quot;background_background&quot;:&quot;classic&quot;}\">\n\t\t\t\t\t\t<div class=\"elementor-container elementor-column-gap-extended\">\n\t\t\t\t\t<div class=\"elementor-column elementor-col-100 elementor-top-column elementor-element elementor-element-153e1c19 sc_content_align_inherit sc_layouts_column_icons_position_left sc_fly_static\" data-id=\"153e1c19\" data-element_type=\"column\" data-e-type=\"column\">\n\t\t\t<div class=\"elementor-widget-wrap elementor-element-populated\">\n\t\t\t\t\t\t<div class=\"elementor-element elementor-element-54db29de sc_fly_static elementor-widget elementor-widget-text-editor\" data-id=\"54db29de\" data-element_type=\"widget\" data-e-type=\"widget\" data-widget_type=\"text-editor.default\">\n\t\t\t\t\t\t\t\t\t<p><b>Protecci\u00f3n de Datos <br \/><\/b><span style=\"font-size: 18px;\">ApartEasy recopilar\u00e1 datos de los usuarios en varios puntos del sitio web https:\/\/ruraleasy.com. Esta informaci\u00f3n se almacenar\u00e1 en un fichero titularidad de ApartEasy S.L. para los siguientes fines:<\/span><\/p><ul><li>Llevar a cabo la gesti\u00f3n solicitada por el cliente \/ posible propietario. El cliente \/ futuro propietario deber\u00e1 proporcionar informaci\u00f3n veraz, completa y exacta.<br \/><br \/><\/li><li>Realizar reservas<br \/><br \/><\/li><li>Recoger comentarios de los hu\u00e9spedes<br \/><br \/><\/li><li>Informarle sobre nuestras ofertas (puede darse de baja de nuestra lista de correo en cualquier momento envi\u00e1ndonos un email a info@aparteasy.com).<\/li><\/ul><div>\u00a0<\/div><p><b>Recopilaci\u00f3n de datos<br \/><\/b><span style=\"font-size: 18px;\">ApartEasy recopila los siguientes datos personales: su nombre, direcci\u00f3n, direcci\u00f3n de correo electr\u00f3nico y n\u00famero de tel\u00e9fono.<\/span><\/p><p>Tambi\u00e9n podemos recopilar datos sobre su dispositivo inform\u00e1tico, como el tipo de navegador, el sistema operativo, el identificador \u00fanico del dispositivo, la versi\u00f3n de la aplicaci\u00f3n y el n\u00famero de clics, con el fin de analizar tendencias y datos demogr\u00e1ficos, as\u00ed como mejorar nuestro sitio web. Aunque generalmente se trata de datos an\u00f3nimos, en determinadas circunstancias pueden considerarse datos personales, por ejemplo, cuando se combinan. En estos casos, los datos se tratar\u00e1n de conformidad con la normativa europea vigente en materia de protecci\u00f3n de datos.<\/p><p><b>Terceros <br \/><\/b><span style=\"font-size: 18px;\">Sus datos podr\u00e1n ser transferidos a terceros en las siguientes circunstancias:<\/span><\/p><ul><li>Divulgaremos su nombre, datos de contacto, pasaporte, documento de identidad o n\u00famero de permiso de conducir, as\u00ed como los datos de su tarjeta de cr\u00e9dito \/ d\u00e9bito, al propietario del apartamento o a la entidad bancaria correspondiente con el fin de completar su reserva. Solo facilitaremos al propietario del apartamento los datos necesarios para gestionar su reserva. Le recomendamos que contacte con el propietario para informarse sobre el uso de sus datos personales. <br \/><br \/><\/li><li>Los comentarios que recibimos de nuestros clientes son muy importantes para nosotros. Por ello, es posible que le enviemos un correo electr\u00f3nico poco despu\u00e9s de su estancia invit\u00e1ndole a completar nuestro formulario de encuesta de hu\u00e9spedes \/ valoraci\u00f3n online. Al completar dicha encuesta, usted acepta que podamos publicar la informaci\u00f3n facilitada en nuestro sitio web con el \u00fanico fin de informar a futuros clientes sobre su opini\u00f3n acerca de la calidad del apartamento y del servicio recibido por parte de ApartEasy. Nos reservamos el derecho de utilizar, reproducir, modificar, adaptar, traducir, distribuir, publicar, crear obras derivadas, mostrar p\u00fablicamente, rechazar o eliminar las opiniones a nuestra discreci\u00f3n. La informaci\u00f3n proporcionada tambi\u00e9n podr\u00e1 compartirse con nuestros socios afiliados, co-branded y\/o vinculados. <br \/><br \/><\/li><li>Podremos divulgar sus datos personales a una autoridad investigadora o gubernamental si as\u00ed lo exige la ley (o cualquier normativa con fuerza de ley) o con el fin de detectar, prevenir o perseguir delitos. <br \/><br \/><\/li><li>ApartEasy no vender\u00e1 los datos proporcionados a terceros salvo que usted otorgue su consentimiento.<\/li><\/ul><div>\u00a0<\/div><p><b>Derechos de los usuarios<br \/><\/b><span style=\"font-size: 18px;\">Los usuarios tienen los siguientes derechos:<\/span><\/p><ul><li>Solicitar el ACCESO a sus datos personales<\/li><li>Solicitar la RECTIFICACI\u00d3N de sus datos personales<\/li><li>Solicitar la SUPRESI\u00d3N de sus datos personales (derecho al olvido)<\/li><li>LIMITAR u OPONERSE al uso de sus datos personales<\/li><li>Derecho a la PORTABILIDAD DE LOS DATOS para servicios de telecomunicaciones o internet<\/li><li>Derecho a RETIRAR el consentimiento en cualquier momento<\/li><li>Derecho a presentar RECLAMACIONES en materia de protecci\u00f3n de datos ante la autoridad competente: Agencia Espa\u00f1ola de Protecci\u00f3n de Datos<\/li><\/ul><p>Los usuarios pueden ejercer sus derechos de acceso, rectificaci\u00f3n, supresi\u00f3n, limitaci\u00f3n y oposici\u00f3n al tratamiento de sus datos personales, as\u00ed como su derecho a la portabilidad de los datos y a retirar el consentimiento, contactando con el propietario del sitio web:<\/p><ul><li>Por correo electr\u00f3nico: info@aparteasy.com<\/li><li>Por tel\u00e9fono: 0034 934516766<\/li><li>Por correo postal: <span style=\"font-size: 18px;\">ApartEasy <\/span><span style=\"font-size: 18px;\">Santa Tecla, 3 <\/span><span style=\"font-size: 18px;\">08012 Barcelona <\/span><span style=\"font-size: 18px;\">Espa\u00f1a<\/span><\/li><\/ul><p>Adem\u00e1s de los derechos anteriormente mencionados, los usuarios que consideren que sus datos no est\u00e1n siendo tratados conforme a la normativa vigente en materia de protecci\u00f3n de datos podr\u00e1n presentar una reclamaci\u00f3n ante la autoridad competente, cuyos datos de contacto se detallan a continuaci\u00f3n:<\/p><p style=\"padding-left: 40px;\">Agencia Espa\u00f1ola de Protecci\u00f3n de Datos<br \/><span style=\"font-size: 18px;\">C\/ Jorge Juan, 6. 28001, Madrid (Madrid), Espa\u00f1a<br \/><\/span><span style=\"font-size: 18px;\">Correo electr\u00f3nico: info@agpd.es &#8211; Tel: 912663517<br \/><\/span><span style=\"font-size: 18px;\">Sitio web: https:\/\/www.agpd.es<\/span><\/p><p><b>Seguridad<br \/><\/b><span style=\"font-size: 18px;\">ApartEasy cumple con los niveles de seguridad para la protecci\u00f3n de datos personales exigidos por la legislaci\u00f3n vigente de la UE. ApartEasy aplica los procedimientos de seguridad adecuados para evitar el uso indebido de los datos personales, y solo el personal autorizado puede acceder y utilizar sus datos personales para el desempe\u00f1o de sus funciones.<\/span><\/p><p>ApartEasy cumple con los requisitos y el proceso de validaci\u00f3n establecidos en el Est\u00e1ndar de Seguridad de Datos de la Industria de Tarjetas de Pago (PCI DSS), aprobado por las principales compa\u00f1\u00edas de tarjetas de cr\u00e9dito.<\/p><p><span style=\"font-size: 18px;\"><b>Cambios en esta declaraci\u00f3n <br \/><\/b><\/span><span style=\"font-size: 18px;\">Nos reservamos el derecho de realizar cambios en esta pol\u00edtica en cualquier momento. Si se realizan cambios, esta declaraci\u00f3n ser\u00e1 actualizada.<\/span><\/p><p><b>Aviso legal <br \/><\/b><span style=\"font-size: 18px;\">ApartEasy es propiedad de ApartEasy S.L., una sociedad de responsabilidad limitada registrada en Espa\u00f1a. N\u00ba de registro de la empresa: B63890727. Inscrita en el Registro Mercantil de Barcelona, Tomo 37759, Folio 45, Hoja B 311355, Inscripci\u00f3n 1<\/span><\/p><p>Santa Tecla, 3 | 08012-Barcelona (Espa\u00f1a) Tel (+34) 934516766 | E-mail: <a href=\"mailto:info@aparteasy.com\">info@aparteasy.com<\/a><\/p><p>\u00a0<\/p>\t\t\t\t\t\t\t\t<\/div>\n\t\t\t\t<div class=\"elementor-element elementor-element-690b98ed sc_height_large sc_fly_static elementor-widget elementor-widget-spacer\" data-id=\"690b98ed\" data-element_type=\"widget\" data-e-type=\"widget\" data-widget_type=\"spacer.default\">\n\t\t\t\t\t\t\t<div class=\"elementor-spacer\">\n\t\t\t<div class=\"elementor-spacer-inner\"><\/div>\n\t\t<\/div>\n\t\t\t\t\t\t<\/div>\n\t\t\t\t\t<\/div>\n\t\t<\/div>\n\t\t\t\t\t<\/div>\n\t\t<\/section>\n\t\t\t\t<\/div>\n\t\t","protected":false},"excerpt":{"rendered":"<p>Protecci\u00f3n de Datos ApartEasy recopilar\u00e1 datos de los usuarios en varios puntos del sitio web https:\/\/ruraleasy.com. Esta informaci\u00f3n se almacenar\u00e1 en un fichero titularidad de ApartEasy S.L. para los siguientes&hellip;<\/p>\n","protected":false},"author":2,"featured_media":0,"parent":0,"menu_order":0,"comment_status":"closed","ping_status":"closed","template":"","meta":{"footnotes":""},"class_list":["post-26848","page","type-page","status-publish","hentry"],"yoast_head":"<!-- This site is optimized with the Yoast SEO plugin v27.2 - https:\/\/yoast.com\/product\/yoast-seo-wordpress\/ -->\n<title>Pol\u00edtica de privacidad - RuralEasy<\/title>\n<meta name=\"robots\" content=\"index, follow, max-snippet:-1, max-image-preview:large, max-video-preview:-1\" \/>\n<link rel=\"canonical\" href=\"https:\/\/ruraleasy.com\/es\/politica-de-privacidad\/\" \/>\n<meta property=\"og:locale\" content=\"es_ES\" \/>\n<meta property=\"og:type\" content=\"article\" \/>\n<meta property=\"og:title\" content=\"Pol\u00edtica de privacidad - RuralEasy\" \/>\n<meta property=\"og:description\" content=\"Protecci\u00f3n de Datos ApartEasy recopilar\u00e1 datos de los usuarios en varios puntos del sitio web https:\/\/ruraleasy.com. Esta informaci\u00f3n se almacenar\u00e1 en un fichero titularidad de ApartEasy S.L. para los siguientes&hellip;\" \/>\n<meta property=\"og:url\" content=\"https:\/\/ruraleasy.com\/es\/politica-de-privacidad\/\" \/>\n<meta property=\"og:site_name\" content=\"RuralEasy\" \/>\n<meta property=\"article:publisher\" content=\"https:\/\/www.facebook.com\/profile.php?id=61586769472382\" \/>\n<meta property=\"article:modified_time\" content=\"2026-03-18T11:13:38+00:00\" \/>\n<meta name=\"twitter:card\" content=\"summary_large_image\" \/>\n<meta name=\"twitter:label1\" content=\"Tiempo de lectura\" \/>\n\t<meta name=\"twitter:data1\" content=\"4 minutos\" \/>\n<script type=\"application\/ld+json\" class=\"yoast-schema-graph\">{\"@context\":\"https:\/\/schema.org\",\"@graph\":[{\"@type\":\"WebPage\",\"@id\":\"https:\/\/ruraleasy.com\/es\/politica-de-privacidad\/\",\"url\":\"https:\/\/ruraleasy.com\/es\/politica-de-privacidad\/\",\"name\":\"Pol\u00edtica de privacidad - RuralEasy\",\"isPartOf\":{\"@id\":\"https:\/\/ruraleasy.com\/es\/#website\"},\"datePublished\":\"2021-02-01T07:23:10+00:00\",\"dateModified\":\"2026-03-18T11:13:38+00:00\",\"breadcrumb\":{\"@id\":\"https:\/\/ruraleasy.com\/es\/politica-de-privacidad\/#breadcrumb\"},\"inLanguage\":\"es\",\"potentialAction\":[{\"@type\":\"ReadAction\",\"target\":[\"https:\/\/ruraleasy.com\/es\/politica-de-privacidad\/\"]}]},{\"@type\":\"BreadcrumbList\",\"@id\":\"https:\/\/ruraleasy.com\/es\/politica-de-privacidad\/#breadcrumb\",\"itemListElement\":[{\"@type\":\"ListItem\",\"position\":1,\"name\":\"Home\",\"item\":\"https:\/\/ruraleasy.com\/es\/\"},{\"@type\":\"ListItem\",\"position\":2,\"name\":\"Pol\u00edtica de privacidad\"}]},{\"@type\":\"WebSite\",\"@id\":\"https:\/\/ruraleasy.com\/es\/#website\",\"url\":\"https:\/\/ruraleasy.com\/es\/\",\"name\":\"RuralEasy\",\"description\":\"RuralEasy\",\"publisher\":{\"@id\":\"https:\/\/ruraleasy.com\/es\/#organization\"},\"potentialAction\":[{\"@type\":\"SearchAction\",\"target\":{\"@type\":\"EntryPoint\",\"urlTemplate\":\"https:\/\/ruraleasy.com\/es\/?s={search_term_string}\"},\"query-input\":{\"@type\":\"PropertyValueSpecification\",\"valueRequired\":true,\"valueName\":\"search_term_string\"}}],\"inLanguage\":\"es\"},{\"@type\":\"Organization\",\"@id\":\"https:\/\/ruraleasy.com\/es\/#organization\",\"name\":\"RuralEasy is the extension of ApartEasy into the rural areas\",\"url\":\"https:\/\/ruraleasy.com\/es\/\",\"logo\":{\"@type\":\"ImageObject\",\"inLanguage\":\"es\",\"@id\":\"https:\/\/ruraleasy.com\/es\/#\/schema\/logo\/image\/\",\"url\":\"https:\/\/ruraleasy.com\/wp-content\/uploads\/2026\/02\/logo_interior_eng_01.png\",\"contentUrl\":\"https:\/\/ruraleasy.com\/wp-content\/uploads\/2026\/02\/logo_interior_eng_01.png\",\"width\":600,\"height\":146,\"caption\":\"RuralEasy is the extension of ApartEasy into the rural areas\"},\"image\":{\"@id\":\"https:\/\/ruraleasy.com\/es\/#\/schema\/logo\/image\/\"},\"sameAs\":[\"https:\/\/www.facebook.com\/profile.php?id=61586769472382\",\"https:\/\/www.instagram.com\/ruraleasy\/\",\"https:\/\/www.linkedin.com\/company\/ruraleasy\/\"]}]}<\/script>\n<!-- \/ Yoast SEO plugin. -->","yoast_head_json":{"title":"Pol\u00edtica de privacidad - RuralEasy","robots":{"index":"index","follow":"follow","max-snippet":"max-snippet:-1","max-image-preview":"max-image-preview:large","max-video-preview":"max-video-preview:-1"},"canonical":"https:\/\/ruraleasy.com\/es\/politica-de-privacidad\/","og_locale":"es_ES","og_type":"article","og_title":"Pol\u00edtica de privacidad - RuralEasy","og_description":"Protecci\u00f3n de Datos ApartEasy recopilar\u00e1 datos de los usuarios en varios puntos del sitio web https:\/\/ruraleasy.com. Esta informaci\u00f3n se almacenar\u00e1 en un fichero titularidad de ApartEasy S.L. para los siguientes&hellip;","og_url":"https:\/\/ruraleasy.com\/es\/politica-de-privacidad\/","og_site_name":"RuralEasy","article_publisher":"https:\/\/www.facebook.com\/profile.php?id=61586769472382","article_modified_time":"2026-03-18T11:13:38+00:00","twitter_card":"summary_large_image","twitter_misc":{"Tiempo de lectura":"4 minutos"},"schema":{"@context":"https:\/\/schema.org","@graph":[{"@type":"WebPage","@id":"https:\/\/ruraleasy.com\/es\/politica-de-privacidad\/","url":"https:\/\/ruraleasy.com\/es\/politica-de-privacidad\/","name":"Pol\u00edtica de privacidad - RuralEasy","isPartOf":{"@id":"https:\/\/ruraleasy.com\/es\/#website"},"datePublished":"2021-02-01T07:23:10+00:00","dateModified":"2026-03-18T11:13:38+00:00","breadcrumb":{"@id":"https:\/\/ruraleasy.com\/es\/politica-de-privacidad\/#breadcrumb"},"inLanguage":"es","potentialAction":[{"@type":"ReadAction","target":["https:\/\/ruraleasy.com\/es\/politica-de-privacidad\/"]}]},{"@type":"BreadcrumbList","@id":"https:\/\/ruraleasy.com\/es\/politica-de-privacidad\/#breadcrumb","itemListElement":[{"@type":"ListItem","position":1,"name":"Home","item":"https:\/\/ruraleasy.com\/es\/"},{"@type":"ListItem","position":2,"name":"Pol\u00edtica de privacidad"}]},{"@type":"WebSite","@id":"https:\/\/ruraleasy.com\/es\/#website","url":"https:\/\/ruraleasy.com\/es\/","name":"RuralEasy","description":"RuralEasy","publisher":{"@id":"https:\/\/ruraleasy.com\/es\/#organization"},"potentialAction":[{"@type":"SearchAction","target":{"@type":"EntryPoint","urlTemplate":"https:\/\/ruraleasy.com\/es\/?s={search_term_string}"},"query-input":{"@type":"PropertyValueSpecification","valueRequired":true,"valueName":"search_term_string"}}],"inLanguage":"es"},{"@type":"Organization","@id":"https:\/\/ruraleasy.com\/es\/#organization","name":"RuralEasy is the extension of ApartEasy into the rural areas","url":"https:\/\/ruraleasy.com\/es\/","logo":{"@type":"ImageObject","inLanguage":"es","@id":"https:\/\/ruraleasy.com\/es\/#\/schema\/logo\/image\/","url":"https:\/\/ruraleasy.com\/wp-content\/uploads\/2026\/02\/logo_interior_eng_01.png","contentUrl":"https:\/\/ruraleasy.com\/wp-content\/uploads\/2026\/02\/logo_interior_eng_01.png","width":600,"height":146,"caption":"RuralEasy is the extension of ApartEasy into the rural areas"},"image":{"@id":"https:\/\/ruraleasy.com\/es\/#\/schema\/logo\/image\/"},"sameAs":["https:\/\/www.facebook.com\/profile.php?id=61586769472382","https:\/\/www.instagram.com\/ruraleasy\/","https:\/\/www.linkedin.com\/company\/ruraleasy\/"]}]}},"_links":{"self":[{"href":"https:\/\/ruraleasy.com\/es\/wp-json\/wp\/v2\/pages\/26848","targetHints":{"allow":["GET"]}}],"collection":[{"href":"https:\/\/ruraleasy.com\/es\/wp-json\/wp\/v2\/pages"}],"about":[{"href":"https:\/\/ruraleasy.com\/es\/wp-json\/wp\/v2\/types\/page"}],"author":[{"embeddable":true,"href":"https:\/\/ruraleasy.com\/es\/wp-json\/wp\/v2\/users\/2"}],"replies":[{"embeddable":true,"href":"https:\/\/ruraleasy.com\/es\/wp-json\/wp\/v2\/comments?post=26848"}],"version-history":[{"count":2,"href":"https:\/\/ruraleasy.com\/es\/wp-json\/wp\/v2\/pages\/26848\/revisions"}],"predecessor-version":[{"id":26875,"href":"https:\/\/ruraleasy.com\/es\/wp-json\/wp\/v2\/pages\/26848\/revisions\/26875"}],"wp:attachment":[{"href":"https:\/\/ruraleasy.com\/es\/wp-json\/wp\/v2\/media?parent=26848"}],"curies":[{"name":"wp","href":"https:\/\/api.w.org\/{rel}","templated":true}]}}