{"id":26553,"date":"2026-02-14T13:01:41","date_gmt":"2026-02-14T12:01:41","guid":{"rendered":"https:\/\/ruraleasy.com\/?page_id=26553"},"modified":"2026-03-28T09:21:38","modified_gmt":"2026-03-28T08:21:38","slug":"planes","status":"publish","type":"page","link":"https:\/\/ruraleasy.com\/es\/planes\/","title":{"rendered":"Planes"},"content":{"rendered":"\t\t<div data-elementor-type=\"wp-page\" data-elementor-id=\"26553\" class=\"elementor elementor-26553 elementor-25503\">\n\t\t\t\t\t\t<section class=\"elementor-section elementor-top-section elementor-element elementor-element-c581eac elementor-section-boxed elementor-section-height-default elementor-section-height-default sc_fly_static\" data-id=\"c581eac\" data-element_type=\"section\" data-e-type=\"section\">\n\t\t\t\t\t\t<div class=\"elementor-container elementor-column-gap-extended\">\n\t\t\t\t\t<div class=\"elementor-column elementor-col-100 elementor-top-column elementor-element elementor-element-167fc36 sc_content_align_inherit sc_layouts_column_icons_position_left sc_fly_static\" data-id=\"167fc36\" data-element_type=\"column\" data-e-type=\"column\">\n\t\t\t<div class=\"elementor-widget-wrap elementor-element-populated\">\n\t\t\t\t\t\t<div class=\"elementor-element elementor-element-4934293 sc_height_huge sc_fly_static elementor-widget elementor-widget-spacer\" data-id=\"4934293\" data-element_type=\"widget\" data-e-type=\"widget\" data-widget_type=\"spacer.default\">\n\t\t\t\t\t\t\t<div class=\"elementor-spacer\">\n\t\t\t<div class=\"elementor-spacer-inner\"><\/div>\n\t\t<\/div>\n\t\t\t\t\t\t<\/div>\n\t\t\t\t<div class=\"elementor-element elementor-element-8a3ac88 sc_fly_static elementor-widget elementor-widget-trx_sc_title\" data-id=\"8a3ac88\" data-element_type=\"widget\" data-e-type=\"widget\" data-widget_type=\"trx_sc_title.default\">\n\t\t\t\t<div class=\"elementor-widget-container\">\n\t\t\t\t\t<div\t\tclass=\"sc_title sc_title_default\" ><h2 class=\"sc_item_title sc_title_title sc_align_center sc_item_title_style_default sc_item_title_tag\"\n\t\t\t><span class=\"sc_item_title_text\">Elige el plan que m\u00e1s te conviene en cada momento.<\/span><\/h2><\/div>\t\t\t\t<\/div>\n\t\t\t\t<\/div>\n\t\t\t\t<div class=\"elementor-element elementor-element-bc39e01 sc_height_tiny sc_fly_static elementor-widget elementor-widget-spacer\" data-id=\"bc39e01\" data-element_type=\"widget\" data-e-type=\"widget\" data-widget_type=\"spacer.default\">\n\t\t\t\t\t\t\t<div class=\"elementor-spacer\">\n\t\t\t<div class=\"elementor-spacer-inner\"><\/div>\n\t\t<\/div>\n\t\t\t\t\t\t<\/div>\n\t\t\t\t<div class=\"elementor-element elementor-element-5dd483b sc_fly_static elementor-widget elementor-widget-text-editor\" data-id=\"5dd483b\" data-element_type=\"widget\" data-e-type=\"widget\" data-widget_type=\"text-editor.default\">\n\t\t\t\t\t\t\t\t\tTodos nuestros servicios se pueden contratar individualmente, pero te proponemos unos planes que pueden encajar con tus necesidades.\t\t\t\t\t\t\t\t<\/div>\n\t\t\t\t<div class=\"elementor-element elementor-element-7f65ea7 sc_height_medium sc_fly_static elementor-widget elementor-widget-spacer\" data-id=\"7f65ea7\" data-element_type=\"widget\" data-e-type=\"widget\" data-widget_type=\"spacer.default\">\n\t\t\t\t\t\t\t<div class=\"elementor-spacer\">\n\t\t\t<div class=\"elementor-spacer-inner\"><\/div>\n\t\t<\/div>\n\t\t\t\t\t\t<\/div>\n\t\t\t\t<div class=\"elementor-element elementor-element-08fb316 scheme_light tabla-precios sc_fly_static elementor-widget elementor-widget-trx_sc_price\" data-id=\"08fb316\" data-element_type=\"widget\" data-e-type=\"widget\" data-widget_type=\"trx_sc_price.default\">\n\t\t\t\t<div class=\"elementor-widget-container\">\n\t\t\t\t\t<div  \n\tclass=\"sc_price color_style_link2 scheme_light sc_price_metro\"><div class=\"sc_price_columns_wrap sc_item_columns trx_addons_columns_wrap columns_padding_bottom columns_in_single_row\"><div class=\"trx_addons_column-1_3\"><div class=\"sc_price_item sc_price_item_metro\">\n\t\t\t<div class=\"sc_price_item_inner\"><div class=\"sc_price_item_info_top\"><h3 class=\"sc_price_item_title\"><span>SILVER<\/span><\/h3><h6 class=\"sc_price_item_subtitle\"><span>Comercializaci\u00f3n<\/span><\/h6><\/div><div class=\"sc_price_item_info\"><div class=\"sc_price_item_price\"><span class=\"sc_price_item_price_value\"> <\/span><\/div><div class=\"sc_price_item_details\"><p>\u00a0<\/p><p style=\"text-align: center;\">Account Manager personal.<\/p><p style=\"text-align: center;\">Fotograf\u00edas y v\u00eddeos.<\/p><p style=\"text-align: center;\">Promoci\u00f3n en portales de reservas y redes sociales.<\/p><p style=\"text-align: center;\">Revenue Manager (precios din\u00e1micos).<\/p><\/div><\/div><!-- \/.sc_price_item_info --><\/div><!-- \/.sc_price_item_inner --><a href=\"https:\/\/ruraleasy.com\/es\/contacto\/\" class=\"sc_price_item_link sc_button\">ELEGIR PLAN<\/a><\/div><\/div><div class=\"trx_addons_column-1_3\"><div class=\"sc_price_item sc_price_item_metro\">\n\t\t\t<div class=\"sc_price_item_inner\"><div class=\"sc_price_item_info_top\"><h3 class=\"sc_price_item_title\"><span>GOLD<\/span><\/h3><h6 class=\"sc_price_item_subtitle\"><span>Comercializaci\u00f3n + Atenci\u00f3n al cliente  + Gesti\u00f3n<\/span><\/h6><\/div><div class=\"sc_price_item_info\"><div class=\"sc_price_item_price\"><span class=\"sc_price_item_price_value\"> <\/span><\/div><div class=\"sc_price_item_details\"><p style=\"text-align: center;\"><strong>Anterior m\u00e1s:<\/strong><\/p><p style=\"text-align: center;\">Atenci\u00f3n clientes 24\/7.<\/p><p>\u00a0 \u00a0 \u00a0 \u00a0 \u00a0Gesti\u00f3n reservas y calendarios.<\/p><p style=\"text-align: center;\">Tasa tur\u00edstica y report polic\u00eda.<\/p><p style=\"text-align: center;\">Cobros y pagos.<\/p><\/div><\/div><!-- \/.sc_price_item_info --><\/div><!-- \/.sc_price_item_inner --><a href=\"https:\/\/ruraleasy.com\/es\/contacto\/\" class=\"sc_price_item_link sc_button\">ELEGIR PLAN<\/a><\/div><\/div><div class=\"trx_addons_column-1_3\"><div class=\"sc_price_item sc_price_item_metro\">\n\t\t\t<div class=\"sc_price_item_inner\"><div class=\"sc_price_item_info_top\"><h3 class=\"sc_price_item_title\"><span>PLATINUM<\/span><\/h3><h6 class=\"sc_price_item_subtitle\"><span>Comercializaci\u00f3n + Atenci\u00f3n al cliente  + Gesti\u00f3n + Operaciones<\/span><\/h6><\/div><div class=\"sc_price_item_info\"><div class=\"sc_price_item_price\"><span class=\"sc_price_item_price_value\"> <\/span><\/div><div class=\"sc_price_item_details\"><p>\u00a0 \u00a0 \u00a0 \u00a0 \u00a0 \u00a0 \u00a0 \u00a0 \u00a0 \u00a0 \u00a0 \u00a0 \u00a0<strong>Anterior m\u00e1s:<\/strong><\/p><p style=\"text-align: center;\">Check-in \/ check-out.<\/p><p style=\"text-align: center;\">Limpieza + lavander\u00eda.<\/p><p style=\"text-align: center;\">Mantenimiento.<\/p><p>\u00a0<\/p><\/div><\/div><!-- \/.sc_price_item_info --><\/div><!-- \/.sc_price_item_inner --><a href=\"https:\/\/ruraleasy.com\/es\/contacto\/\" class=\"sc_price_item_link sc_button\">ELEGIR PLAN<\/a><\/div><\/div><\/div><\/div><!-- \/.sc_price -->\t\t\t\t<\/div>\n\t\t\t\t<\/div>\n\t\t\t\t<div class=\"elementor-element elementor-element-2e8d4f1 sc_height_huge sc_fly_static elementor-widget elementor-widget-spacer\" data-id=\"2e8d4f1\" data-element_type=\"widget\" data-e-type=\"widget\" data-widget_type=\"spacer.default\">\n\t\t\t\t\t\t\t<div class=\"elementor-spacer\">\n\t\t\t<div class=\"elementor-spacer-inner\"><\/div>\n\t\t<\/div>\n\t\t\t\t\t\t<\/div>\n\t\t\t\t\t<\/div>\n\t\t<\/div>\n\t\t\t\t\t<\/div>\n\t\t<\/section>\n\t\t\t\t<section class=\"elementor-section elementor-top-section elementor-element elementor-element-c3a1a10 elementor-section-full_width elementor-section-height-default elementor-section-height-default sc_fly_static\" data-id=\"c3a1a10\" data-element_type=\"section\" data-e-type=\"section\" data-settings=\"{&quot;background_background&quot;:&quot;classic&quot;}\">\n\t\t\t\t\t\t<div class=\"elementor-container elementor-column-gap-extended\">\n\t\t\t\t\t<div class=\"elementor-column elementor-col-100 elementor-top-column elementor-element elementor-element-f768c42 sc_content_align_inherit sc_layouts_column_icons_position_left sc_fly_static\" data-id=\"f768c42\" data-element_type=\"column\" data-e-type=\"column\">\n\t\t\t<div class=\"elementor-widget-wrap elementor-element-populated\">\n\t\t\t\t\t\t<div class=\"elementor-element elementor-element-7d586c9 sc_height_huge sc_fly_static elementor-widget elementor-widget-spacer\" data-id=\"7d586c9\" data-element_type=\"widget\" data-e-type=\"widget\" data-widget_type=\"spacer.default\">\n\t\t\t\t\t\t\t<div class=\"elementor-spacer\">\n\t\t\t<div class=\"elementor-spacer-inner\"><\/div>\n\t\t<\/div>\n\t\t\t\t\t\t<\/div>\n\t\t\t\t<div class=\"elementor-element elementor-element-db371ec sc_fly_static elementor-widget elementor-widget-trx_sc_title\" data-id=\"db371ec\" data-element_type=\"widget\" data-e-type=\"widget\" data-widget_type=\"trx_sc_title.default\">\n\t\t\t\t<div class=\"elementor-widget-container\">\n\t\t\t\t\t<div\t\tclass=\"sc_title sc_title_default\" ><h3 class=\"sc_item_title sc_title_title sc_align_center sc_item_title_style_default sc_item_title_tag\"\n\t\t\t><span class=\"sc_item_title_text\">Si tu necesidad actual no encaja en ninguno de estos planes, consulta nuestros servicios:<\/span><\/h3><\/div>\t\t\t\t<\/div>\n\t\t\t\t<\/div>\n\t\t\t\t<div class=\"elementor-element elementor-element-ca61d8b sc_height_medium sc_fly_static elementor-widget elementor-widget-spacer\" data-id=\"ca61d8b\" data-element_type=\"widget\" data-e-type=\"widget\" data-widget_type=\"spacer.default\">\n\t\t\t\t\t\t\t<div class=\"elementor-spacer\">\n\t\t\t<div class=\"elementor-spacer-inner\"><\/div>\n\t\t<\/div>\n\t\t\t\t\t\t<\/div>\n\t\t\t\t<div class=\"elementor-element elementor-element-b1e89c7 scheme_default sc_fly_static elementor-widget elementor-widget-trx_sc_services\" data-id=\"b1e89c7\" data-element_type=\"widget\" data-e-type=\"widget\" data-widget_type=\"trx_sc_services.default\">\n\t\t\t\t<div class=\"elementor-widget-container\">\n\t\t\t\t\t<div class=\"sc_services color_style_dark scheme_default sc_services_breezy sc_services_featured_top\"><div class=\"sc_services_columns_wrap sc_item_columns sc_item_posts_container sc_item_columns_3 trx_addons_columns_wrap columns_padding_bottom\"><div class=\"trx_addons_column-1_3 \"><div data-post-id=\"26534\" class=\"sc_services_item sc_item_container post_container with_content with_image sc_services_item_featured_none post-26534 cpt_services type-cpt_services status-publish has-post-thumbnail hentry\">\n\t\t<div class=\"sc_services_item_content \" style=\"background-image: url(https:\/\/ruraleasy.com\/wp-content\/uploads\/2025\/12\/legal-advice-rural-house-rental-ruraleasy-840x540.jpg);\">\n\t\t\t\t<div class=\"sc_services_item_content_inner\">\n\t\t\t\t\t\t<h6 class=\"sc_services_item_title\"><a href=\"https:\/\/ruraleasy.com\/es\/services\/asesoramiento-legal-para-alquiler-de-casas-rurales\/\">Asesoramiento legal para alquiler de Casas Rurales<\/a><\/h6>\n\t\t\t<div class=\"sc_services_item_text\"><p>Asesoramiento legal<\/p>\n<\/div><\/div><a class=\"sc_services_item_link\" href=\"https:\/\/ruraleasy.com\/es\/services\/asesoramiento-legal-para-alquiler-de-casas-rurales\/\"><\/a><\/div><\/div><\/div><div class=\"trx_addons_column-1_3 \"><div data-post-id=\"26538\" class=\"sc_services_item sc_item_container post_container with_content with_image sc_services_item_featured_none post-26538 cpt_services type-cpt_services status-publish has-post-thumbnail hentry\">\n\t\t<div class=\"sc_services_item_content \" style=\"background-image: url(https:\/\/ruraleasy.com\/wp-content\/uploads\/2023\/06\/Es-Bosquerro-054-fantastic-finca-4-840x560.jpg);\">\n\t\t\t\t<div class=\"sc_services_item_content_inner\">\n\t\t\t\t\t\t<h6 class=\"sc_services_item_title\"><a href=\"https:\/\/ruraleasy.com\/es\/services\/reformas-re-styling-de-casas-rurales\/\">Reformas &amp; re-styling de Casas Rurales<\/a><\/h6>\n\t\t\t<div class=\"sc_services_item_text\"><p>Renovaci\u00f3n y re-styling<\/p>\n<\/div><\/div><a class=\"sc_services_item_link\" href=\"https:\/\/ruraleasy.com\/es\/services\/reformas-re-styling-de-casas-rurales\/\"><\/a><\/div><\/div><\/div><div class=\"trx_addons_column-1_3 \"><div data-post-id=\"26540\" class=\"sc_services_item sc_item_container post_container with_content with_image sc_services_item_featured_none post-26540 cpt_services type-cpt_services status-publish has-post-thumbnail hentry\">\n\t\t<div class=\"sc_services_item_content \" style=\"background-image: url(https:\/\/ruraleasy.com\/wp-content\/uploads\/2026\/01\/Smart-rural-house-services-RuralEasy-840x473.webp);\">\n\t\t\t\t<div class=\"sc_services_item_content_inner\">\n\t\t\t\t\t\t<h6 class=\"sc_services_item_title\"><a href=\"https:\/\/ruraleasy.com\/es\/services\/casa-rural-inteligente-servicios-de-domotica-para-casas-rurales\/\">Casa rural inteligente &#8211; Servicios de dom\u00f3tica para casas rurales<\/a><\/h6>\n\t\t\t<div class=\"sc_services_item_text\"><p>Casa rural inteligente<\/p>\n<\/div><\/div><a class=\"sc_services_item_link\" href=\"https:\/\/ruraleasy.com\/es\/services\/casa-rural-inteligente-servicios-de-domotica-para-casas-rurales\/\"><\/a><\/div><\/div><\/div><div class=\"trx_addons_column-1_3 \"><div data-post-id=\"26542\" class=\"sc_services_item sc_item_container post_container with_content with_image sc_services_item_featured_none post-26542 cpt_services type-cpt_services status-publish has-post-thumbnail hentry\">\n\t\t<div class=\"sc_services_item_content \" style=\"background-image: url(https:\/\/ruraleasy.com\/wp-content\/uploads\/2025\/12\/Calderitx-253-fantastic-finca-with-private-pool-childrens-playground-barbecue-and-terrace-1-840x629.jpg);\">\n\t\t\t\t<div class=\"sc_services_item_content_inner\">\n\t\t\t\t\t\t<h6 class=\"sc_services_item_title\"><a href=\"https:\/\/ruraleasy.com\/es\/services\/comercializacion-de-casas-rurales-y-hoteles-rurales\/\">Comercializaci\u00f3n de Casas Rurales y Hoteles Rurales.<\/a><\/h6>\n\t\t\t<div class=\"sc_services_item_text\"><p>Marketing y promoci\u00f3n<\/p>\n<\/div><\/div><a class=\"sc_services_item_link\" href=\"https:\/\/ruraleasy.com\/es\/services\/comercializacion-de-casas-rurales-y-hoteles-rurales\/\"><\/a><\/div><\/div><\/div><div class=\"trx_addons_column-1_3 \"><div data-post-id=\"26544\" class=\"sc_services_item sc_item_container post_container with_content with_image sc_services_item_featured_none post-26544 cpt_services type-cpt_services status-publish has-post-thumbnail hentry\">\n\t\t<div class=\"sc_services_item_content \" style=\"background-image: url(https:\/\/ruraleasy.com\/wp-content\/uploads\/2025\/12\/customer-care-service-rural-house-2-840x560.jpg);\">\n\t\t\t\t<div class=\"sc_services_item_content_inner\">\n\t\t\t\t\t\t<h6 class=\"sc_services_item_title\"><a href=\"https:\/\/ruraleasy.com\/es\/services\/atencion-al-cliente-multi-idioma-y-gestion-para-casas-y-hoteles-rurales\/\">Atenci\u00f3n al cliente multi-idioma y gesti\u00f3n para Casas y Hoteles Rurales<\/a><\/h6>\n\t\t\t<div class=\"sc_services_item_text\"><p>Comunicaci\u00f3n multiling\u00fce con los hu\u00e9spedes<\/p>\n<\/div><\/div><a class=\"sc_services_item_link\" href=\"https:\/\/ruraleasy.com\/es\/services\/atencion-al-cliente-multi-idioma-y-gestion-para-casas-y-hoteles-rurales\/\"><\/a><\/div><\/div><\/div><div class=\"trx_addons_column-1_3 \"><div data-post-id=\"26547\" class=\"sc_services_item sc_item_container post_container with_content with_image sc_services_item_featured_none post-26547 cpt_services type-cpt_services status-publish has-post-thumbnail hentry\">\n\t\t<div class=\"sc_services_item_content \" style=\"background-image: url(https:\/\/ruraleasy.com\/wp-content\/uploads\/2025\/12\/customer-care-service-rural-house-1-840x473.jpg);\">\n\t\t\t\t<div class=\"sc_services_item_content_inner\">\n\t\t\t\t\t\t<h6 class=\"sc_services_item_title\"><a href=\"https:\/\/ruraleasy.com\/es\/services\/gestion-de-operaciones-de-casas-y-hoteles-rurales\/\">Gesti\u00f3n de operaciones de Casas y Hoteles Rurales<\/a><\/h6>\n\t\t\t<div class=\"sc_services_item_text\"><p>Gesti\u00f3n de operaciones<\/p>\n<\/div><\/div><a class=\"sc_services_item_link\" href=\"https:\/\/ruraleasy.com\/es\/services\/gestion-de-operaciones-de-casas-y-hoteles-rurales\/\"><\/a><\/div><\/div><\/div><\/div><\/div>\t\t\t\t<\/div>\n\t\t\t\t<\/div>\n\t\t\t\t<div class=\"elementor-element elementor-element-d4d9416 sc_height_huge sc_fly_static elementor-widget elementor-widget-spacer\" data-id=\"d4d9416\" data-element_type=\"widget\" data-e-type=\"widget\" data-widget_type=\"spacer.default\">\n\t\t\t\t\t\t\t<div class=\"elementor-spacer\">\n\t\t\t<div class=\"elementor-spacer-inner\"><\/div>\n\t\t<\/div>\n\t\t\t\t\t\t<\/div>\n\t\t\t\t\t<\/div>\n\t\t<\/div>\n\t\t\t\t\t<\/div>\n\t\t<\/section>\n\t\t\t\t<\/div>\n\t\t","protected":false},"excerpt":{"rendered":"<p>Elige el plan que m\u00e1s te conviene en cada momento. Todos nuestros servicios se pueden contratar individualmente, pero te proponemos unos planes que pueden encajar con tus necesidades. SILVER Comercializaci\u00f3n&hellip;<\/p>\n","protected":false},"author":2,"featured_media":0,"parent":0,"menu_order":0,"comment_status":"closed","ping_status":"closed","template":"","meta":{"footnotes":""},"class_list":["post-26553","page","type-page","status-publish","hentry"],"yoast_head":"<!-- This site is optimized with the Yoast SEO plugin v27.2 - https:\/\/yoast.com\/product\/yoast-seo-wordpress\/ -->\n<title>Planes - RuralEasy<\/title>\n<meta name=\"robots\" content=\"index, follow, max-snippet:-1, max-image-preview:large, max-video-preview:-1\" \/>\n<link rel=\"canonical\" href=\"https:\/\/ruraleasy.com\/es\/planes\/\" \/>\n<meta property=\"og:locale\" content=\"es_ES\" \/>\n<meta property=\"og:type\" content=\"article\" \/>\n<meta property=\"og:title\" content=\"Planes - RuralEasy\" \/>\n<meta property=\"og:description\" content=\"Elige el plan que m\u00e1s te conviene en cada momento. Todos nuestros servicios se pueden contratar individualmente, pero te proponemos unos planes que pueden encajar con tus necesidades. SILVER Comercializaci\u00f3n&hellip;\" \/>\n<meta property=\"og:url\" content=\"https:\/\/ruraleasy.com\/es\/planes\/\" \/>\n<meta property=\"og:site_name\" content=\"RuralEasy\" \/>\n<meta property=\"article:publisher\" content=\"https:\/\/www.facebook.com\/profile.php?id=61586769472382\" \/>\n<meta property=\"article:modified_time\" content=\"2026-03-28T08:21:38+00:00\" \/>\n<meta name=\"twitter:card\" content=\"summary_large_image\" \/>\n<meta name=\"twitter:label1\" content=\"Tiempo de lectura\" \/>\n\t<meta name=\"twitter:data1\" content=\"1 minuto\" \/>\n<script type=\"application\/ld+json\" class=\"yoast-schema-graph\">{\"@context\":\"https:\/\/schema.org\",\"@graph\":[{\"@type\":\"WebPage\",\"@id\":\"https:\/\/ruraleasy.com\/es\/planes\/\",\"url\":\"https:\/\/ruraleasy.com\/es\/planes\/\",\"name\":\"Planes - RuralEasy\",\"isPartOf\":{\"@id\":\"https:\/\/ruraleasy.com\/es\/#website\"},\"datePublished\":\"2026-02-14T12:01:41+00:00\",\"dateModified\":\"2026-03-28T08:21:38+00:00\",\"breadcrumb\":{\"@id\":\"https:\/\/ruraleasy.com\/es\/planes\/#breadcrumb\"},\"inLanguage\":\"es\",\"potentialAction\":[{\"@type\":\"ReadAction\",\"target\":[\"https:\/\/ruraleasy.com\/es\/planes\/\"]}]},{\"@type\":\"BreadcrumbList\",\"@id\":\"https:\/\/ruraleasy.com\/es\/planes\/#breadcrumb\",\"itemListElement\":[{\"@type\":\"ListItem\",\"position\":1,\"name\":\"Home\",\"item\":\"https:\/\/ruraleasy.com\/es\/\"},{\"@type\":\"ListItem\",\"position\":2,\"name\":\"Planes\"}]},{\"@type\":\"WebSite\",\"@id\":\"https:\/\/ruraleasy.com\/es\/#website\",\"url\":\"https:\/\/ruraleasy.com\/es\/\",\"name\":\"RuralEasy\",\"description\":\"RuralEasy\",\"publisher\":{\"@id\":\"https:\/\/ruraleasy.com\/es\/#organization\"},\"potentialAction\":[{\"@type\":\"SearchAction\",\"target\":{\"@type\":\"EntryPoint\",\"urlTemplate\":\"https:\/\/ruraleasy.com\/es\/?s={search_term_string}\"},\"query-input\":{\"@type\":\"PropertyValueSpecification\",\"valueRequired\":true,\"valueName\":\"search_term_string\"}}],\"inLanguage\":\"es\"},{\"@type\":\"Organization\",\"@id\":\"https:\/\/ruraleasy.com\/es\/#organization\",\"name\":\"RuralEasy is the extension of ApartEasy into the rural areas\",\"url\":\"https:\/\/ruraleasy.com\/es\/\",\"logo\":{\"@type\":\"ImageObject\",\"inLanguage\":\"es\",\"@id\":\"https:\/\/ruraleasy.com\/es\/#\/schema\/logo\/image\/\",\"url\":\"https:\/\/ruraleasy.com\/wp-content\/uploads\/2026\/02\/logo_interior_eng_01.png\",\"contentUrl\":\"https:\/\/ruraleasy.com\/wp-content\/uploads\/2026\/02\/logo_interior_eng_01.png\",\"width\":600,\"height\":146,\"caption\":\"RuralEasy is the extension of ApartEasy into the rural areas\"},\"image\":{\"@id\":\"https:\/\/ruraleasy.com\/es\/#\/schema\/logo\/image\/\"},\"sameAs\":[\"https:\/\/www.facebook.com\/profile.php?id=61586769472382\",\"https:\/\/www.instagram.com\/ruraleasy\/\",\"https:\/\/www.linkedin.com\/company\/ruraleasy\/\"]}]}<\/script>\n<!-- \/ Yoast SEO plugin. -->","yoast_head_json":{"title":"Planes - RuralEasy","robots":{"index":"index","follow":"follow","max-snippet":"max-snippet:-1","max-image-preview":"max-image-preview:large","max-video-preview":"max-video-preview:-1"},"canonical":"https:\/\/ruraleasy.com\/es\/planes\/","og_locale":"es_ES","og_type":"article","og_title":"Planes - RuralEasy","og_description":"Elige el plan que m\u00e1s te conviene en cada momento. Todos nuestros servicios se pueden contratar individualmente, pero te proponemos unos planes que pueden encajar con tus necesidades. SILVER Comercializaci\u00f3n&hellip;","og_url":"https:\/\/ruraleasy.com\/es\/planes\/","og_site_name":"RuralEasy","article_publisher":"https:\/\/www.facebook.com\/profile.php?id=61586769472382","article_modified_time":"2026-03-28T08:21:38+00:00","twitter_card":"summary_large_image","twitter_misc":{"Tiempo de lectura":"1 minuto"},"schema":{"@context":"https:\/\/schema.org","@graph":[{"@type":"WebPage","@id":"https:\/\/ruraleasy.com\/es\/planes\/","url":"https:\/\/ruraleasy.com\/es\/planes\/","name":"Planes - RuralEasy","isPartOf":{"@id":"https:\/\/ruraleasy.com\/es\/#website"},"datePublished":"2026-02-14T12:01:41+00:00","dateModified":"2026-03-28T08:21:38+00:00","breadcrumb":{"@id":"https:\/\/ruraleasy.com\/es\/planes\/#breadcrumb"},"inLanguage":"es","potentialAction":[{"@type":"ReadAction","target":["https:\/\/ruraleasy.com\/es\/planes\/"]}]},{"@type":"BreadcrumbList","@id":"https:\/\/ruraleasy.com\/es\/planes\/#breadcrumb","itemListElement":[{"@type":"ListItem","position":1,"name":"Home","item":"https:\/\/ruraleasy.com\/es\/"},{"@type":"ListItem","position":2,"name":"Planes"}]},{"@type":"WebSite","@id":"https:\/\/ruraleasy.com\/es\/#website","url":"https:\/\/ruraleasy.com\/es\/","name":"RuralEasy","description":"RuralEasy","publisher":{"@id":"https:\/\/ruraleasy.com\/es\/#organization"},"potentialAction":[{"@type":"SearchAction","target":{"@type":"EntryPoint","urlTemplate":"https:\/\/ruraleasy.com\/es\/?s={search_term_string}"},"query-input":{"@type":"PropertyValueSpecification","valueRequired":true,"valueName":"search_term_string"}}],"inLanguage":"es"},{"@type":"Organization","@id":"https:\/\/ruraleasy.com\/es\/#organization","name":"RuralEasy is the extension of ApartEasy into the rural areas","url":"https:\/\/ruraleasy.com\/es\/","logo":{"@type":"ImageObject","inLanguage":"es","@id":"https:\/\/ruraleasy.com\/es\/#\/schema\/logo\/image\/","url":"https:\/\/ruraleasy.com\/wp-content\/uploads\/2026\/02\/logo_interior_eng_01.png","contentUrl":"https:\/\/ruraleasy.com\/wp-content\/uploads\/2026\/02\/logo_interior_eng_01.png","width":600,"height":146,"caption":"RuralEasy is the extension of ApartEasy into the rural areas"},"image":{"@id":"https:\/\/ruraleasy.com\/es\/#\/schema\/logo\/image\/"},"sameAs":["https:\/\/www.facebook.com\/profile.php?id=61586769472382","https:\/\/www.instagram.com\/ruraleasy\/","https:\/\/www.linkedin.com\/company\/ruraleasy\/"]}]}},"_links":{"self":[{"href":"https:\/\/ruraleasy.com\/es\/wp-json\/wp\/v2\/pages\/26553","targetHints":{"allow":["GET"]}}],"collection":[{"href":"https:\/\/ruraleasy.com\/es\/wp-json\/wp\/v2\/pages"}],"about":[{"href":"https:\/\/ruraleasy.com\/es\/wp-json\/wp\/v2\/types\/page"}],"author":[{"embeddable":true,"href":"https:\/\/ruraleasy.com\/es\/wp-json\/wp\/v2\/users\/2"}],"replies":[{"embeddable":true,"href":"https:\/\/ruraleasy.com\/es\/wp-json\/wp\/v2\/comments?post=26553"}],"version-history":[{"count":2,"href":"https:\/\/ruraleasy.com\/es\/wp-json\/wp\/v2\/pages\/26553\/revisions"}],"predecessor-version":[{"id":27776,"href":"https:\/\/ruraleasy.com\/es\/wp-json\/wp\/v2\/pages\/26553\/revisions\/27776"}],"wp:attachment":[{"href":"https:\/\/ruraleasy.com\/es\/wp-json\/wp\/v2\/media?parent=26553"}],"curies":[{"name":"wp","href":"https:\/\/api.w.org\/{rel}","templated":true}]}}