{"id":26548,"date":"2026-02-16T18:39:24","date_gmt":"2026-02-16T17:39:24","guid":{"rendered":"https:\/\/ruraleasy.com\/?page_id=26548"},"modified":"2026-03-28T10:30:47","modified_gmt":"2026-03-28T09:30:47","slug":"nuestros-servicios","status":"publish","type":"page","link":"https:\/\/ruraleasy.com\/es\/nuestros-servicios\/","title":{"rendered":"Nuestros servicios"},"content":{"rendered":"\t\t<div data-elementor-type=\"wp-page\" data-elementor-id=\"26548\" class=\"elementor elementor-26548 elementor-25607\">\n\t\t\t\t<div class=\"e-con-gap-no elementor-element elementor-element-2cbc44f e-flex e-con-boxed sc_layouts_column_icons_position_left e-con e-parent\" data-id=\"2cbc44f\" data-element_type=\"container\" data-e-type=\"container\">\n\t\t\t\t\t<div class=\"e-con-inner\">\n\t\t\t\t\t<\/div>\n\t\t\t\t<\/div>\n\t\t\t\t<section class=\"elementor-section elementor-top-section elementor-element elementor-element-4f20e9f elementor-section-boxed elementor-section-height-default elementor-section-height-default sc_fly_static\" data-id=\"4f20e9f\" data-element_type=\"section\" data-e-type=\"section\" data-settings=\"{&quot;background_background&quot;:&quot;classic&quot;}\">\n\t\t\t\t\t\t<div class=\"elementor-container elementor-column-gap-extended\">\n\t\t\t\t\t<div class=\"elementor-column elementor-col-100 elementor-top-column elementor-element elementor-element-c414e67 sc_content_align_inherit sc_layouts_column_icons_position_left sc_fly_static\" data-id=\"c414e67\" data-element_type=\"column\" data-e-type=\"column\">\n\t\t\t<div class=\"elementor-widget-wrap elementor-element-populated\">\n\t\t\t\t\t\t<div class=\"elementor-element elementor-element-2ee0dd4 sc_height_huge sc_fly_static elementor-widget elementor-widget-spacer\" data-id=\"2ee0dd4\" data-element_type=\"widget\" data-e-type=\"widget\" data-widget_type=\"spacer.default\">\n\t\t\t\t\t\t\t<div class=\"elementor-spacer\">\n\t\t\t<div class=\"elementor-spacer-inner\"><\/div>\n\t\t<\/div>\n\t\t\t\t\t\t<\/div>\n\t\t\t\t<div class=\"elementor-element elementor-element-d3e8556 sc_fly_static elementor-widget elementor-widget-trx_sc_title\" data-id=\"d3e8556\" data-element_type=\"widget\" data-e-type=\"widget\" data-widget_type=\"trx_sc_title.default\">\n\t\t\t\t<div class=\"elementor-widget-container\">\n\t\t\t\t\t<div\t\tclass=\"sc_title sc_title_default\" ><h2 class=\"sc_item_title sc_title_title sc_align_center sc_item_title_style_default sc_item_title_tag\"\n\t\t\t><span class=\"sc_item_title_text\">En RuralEasy entendemos que cada propietario tiene una necesidad concreta y por eso nos adaptamos a sus necesidades.<\/span><\/h2><\/div>\t\t\t\t<\/div>\n\t\t\t\t<\/div>\n\t\t\t\t<div class=\"elementor-element elementor-element-5c822ab sc_height_medium sc_fly_static elementor-widget elementor-widget-spacer\" data-id=\"5c822ab\" data-element_type=\"widget\" data-e-type=\"widget\" data-widget_type=\"spacer.default\">\n\t\t\t\t\t\t\t<div class=\"elementor-spacer\">\n\t\t\t<div class=\"elementor-spacer-inner\"><\/div>\n\t\t<\/div>\n\t\t\t\t\t\t<\/div>\n\t\t\t\t<div class=\"elementor-element elementor-element-6cbbd27 sc_fly_static elementor-widget elementor-widget-text-editor\" data-id=\"6cbbd27\" data-element_type=\"widget\" data-e-type=\"widget\" data-widget_type=\"text-editor.default\">\n\t\t\t\t\t\t\t\t\t<p>Hemos preparado una lista de servicios que cubren cada una de las fases desde el momento inicial hasta la gesti\u00f3n completa del alquiler de casa rural u hotel rural.<\/p><p>Puedes <b>elegir uno o varios servicios<\/b>\u00a0o bien un <b>grupo de servicios<\/b> en los\u00a0<a href=\"https:\/\/ruraleasy.com\/es\/planes\/\" target=\"_blank\" rel=\"noopener\">planes a medida<\/a> que te permitir\u00e1n delegar tareas y quitarte preocupaciones.<\/p>\t\t\t\t\t\t\t\t<\/div>\n\t\t\t\t<div class=\"elementor-element elementor-element-851f558 sc_height_huge sc_fly_static elementor-widget elementor-widget-spacer\" data-id=\"851f558\" data-element_type=\"widget\" data-e-type=\"widget\" data-widget_type=\"spacer.default\">\n\t\t\t\t\t\t\t<div class=\"elementor-spacer\">\n\t\t\t<div class=\"elementor-spacer-inner\"><\/div>\n\t\t<\/div>\n\t\t\t\t\t\t<\/div>\n\t\t\t\t\t<\/div>\n\t\t<\/div>\n\t\t\t\t\t<\/div>\n\t\t<\/section>\n\t\t\t\t<section class=\"elementor-section elementor-top-section elementor-element elementor-element-92d8d05 elementor-section-boxed elementor-section-height-default elementor-section-height-default sc_fly_static\" data-id=\"92d8d05\" data-element_type=\"section\" data-e-type=\"section\" data-settings=\"{&quot;background_background&quot;:&quot;classic&quot;}\">\n\t\t\t\t\t\t<div class=\"elementor-container elementor-column-gap-extended\">\n\t\t\t\t\t<div class=\"elementor-column elementor-col-100 elementor-top-column elementor-element elementor-element-22c51c9 sc_content_align_inherit sc_layouts_column_icons_position_left sc_fly_static\" data-id=\"22c51c9\" data-element_type=\"column\" data-e-type=\"column\">\n\t\t\t<div class=\"elementor-widget-wrap elementor-element-populated\">\n\t\t\t\t\t\t<div class=\"elementor-element elementor-element-d491d4c sc_height_huge sc_fly_static elementor-widget elementor-widget-spacer\" data-id=\"d491d4c\" data-element_type=\"widget\" data-e-type=\"widget\" data-widget_type=\"spacer.default\">\n\t\t\t\t\t\t\t<div class=\"elementor-spacer\">\n\t\t\t<div class=\"elementor-spacer-inner\"><\/div>\n\t\t<\/div>\n\t\t\t\t\t\t<\/div>\n\t\t\t\t<section class=\"elementor-section elementor-inner-section elementor-element elementor-element-4db6206 elementor-section-boxed elementor-section-height-default elementor-section-height-default sc_fly_static\" data-id=\"4db6206\" data-element_type=\"section\" data-e-type=\"section\">\n\t\t\t\t\t\t<div class=\"elementor-container elementor-column-gap-extended\">\n\t\t\t\t\t<div class=\"elementor-column elementor-col-100 elementor-inner-column elementor-element elementor-element-e355f6f sc_content_align_inherit sc_layouts_column_icons_position_left sc_fly_static\" data-id=\"e355f6f\" data-element_type=\"column\" data-e-type=\"column\">\n\t\t\t<div class=\"elementor-widget-wrap elementor-element-populated\">\n\t\t\t\t\t\t<div class=\"elementor-element elementor-element-134b87e sc_fly_static elementor-widget elementor-widget-trx_sc_title\" data-id=\"134b87e\" data-element_type=\"widget\" data-e-type=\"widget\" data-widget_type=\"trx_sc_title.default\">\n\t\t\t\t<div class=\"elementor-widget-container\">\n\t\t\t\t\t<div\t\tclass=\"sc_title sc_title_default\" ><h2 class=\"sc_item_title sc_title_title sc_align_center sc_item_title_style_default sc_item_title_tag\"\n\t\t\t><span class=\"sc_item_title_text\">Descubre nuestros servicios de gesti\u00f3n de casas rurales:<\/span><\/h2><\/div>\t\t\t\t<\/div>\n\t\t\t\t<\/div>\n\t\t\t\t\t<\/div>\n\t\t<\/div>\n\t\t\t\t\t<\/div>\n\t\t<\/section>\n\t\t\t\t<div class=\"elementor-element elementor-element-5d9a2c5 sc_height_medium sc_fly_static elementor-widget elementor-widget-spacer\" data-id=\"5d9a2c5\" data-element_type=\"widget\" data-e-type=\"widget\" data-widget_type=\"spacer.default\">\n\t\t\t\t\t\t\t<div class=\"elementor-spacer\">\n\t\t\t<div class=\"elementor-spacer-inner\"><\/div>\n\t\t<\/div>\n\t\t\t\t\t\t<\/div>\n\t\t\t\t<div class=\"elementor-element elementor-element-531649b scheme_default sc_fly_static elementor-widget elementor-widget-trx_sc_services\" data-id=\"531649b\" data-element_type=\"widget\" data-e-type=\"widget\" data-widget_type=\"trx_sc_services.default\">\n\t\t\t\t<div class=\"elementor-widget-container\">\n\t\t\t\t\t<div class=\"sc_services color_style_dark scheme_default sc_services_breezy sc_services_featured_top\"><div class=\"sc_services_columns_wrap sc_item_columns sc_item_posts_container sc_item_columns_3 trx_addons_columns_wrap columns_padding_bottom\"><div class=\"trx_addons_column-1_3 trx_addons_column-1_2-tablet \"><div data-post-id=\"26534\" class=\"sc_services_item sc_item_container post_container with_content with_image sc_services_item_featured_none post-26534 cpt_services type-cpt_services status-publish has-post-thumbnail hentry\">\n\t\t<div class=\"sc_services_item_content \" style=\"background-image: url(https:\/\/ruraleasy.com\/wp-content\/uploads\/2025\/12\/legal-advice-rural-house-rental-ruraleasy-840x540.jpg);\">\n\t\t\t\t<div class=\"sc_services_item_content_inner\">\n\t\t\t\t\t\t<h6 class=\"sc_services_item_title\"><a href=\"https:\/\/ruraleasy.com\/es\/services\/asesoramiento-legal-para-alquiler-de-casas-rurales\/\">Asesoramiento legal para alquiler de Casas Rurales<\/a><\/h6>\n\t\t\t<div class=\"sc_services_item_text\"><p>Asesoramiento legal<\/p>\n<\/div><\/div><a class=\"sc_services_item_link\" href=\"https:\/\/ruraleasy.com\/es\/services\/asesoramiento-legal-para-alquiler-de-casas-rurales\/\"><\/a><\/div><\/div><\/div><div class=\"trx_addons_column-1_3 trx_addons_column-1_2-tablet \"><div data-post-id=\"26538\" class=\"sc_services_item sc_item_container post_container with_content with_image sc_services_item_featured_none post-26538 cpt_services type-cpt_services status-publish has-post-thumbnail hentry\">\n\t\t<div class=\"sc_services_item_content \" style=\"background-image: url(https:\/\/ruraleasy.com\/wp-content\/uploads\/2023\/06\/Es-Bosquerro-054-fantastic-finca-4-840x560.jpg);\">\n\t\t\t\t<div class=\"sc_services_item_content_inner\">\n\t\t\t\t\t\t<h6 class=\"sc_services_item_title\"><a href=\"https:\/\/ruraleasy.com\/es\/services\/reformas-re-styling-de-casas-rurales\/\">Reformas &amp; re-styling de Casas Rurales<\/a><\/h6>\n\t\t\t<div class=\"sc_services_item_text\"><p>Renovaci\u00f3n y re-styling<\/p>\n<\/div><\/div><a class=\"sc_services_item_link\" href=\"https:\/\/ruraleasy.com\/es\/services\/reformas-re-styling-de-casas-rurales\/\"><\/a><\/div><\/div><\/div><div class=\"trx_addons_column-1_3 trx_addons_column-1_2-tablet \"><div data-post-id=\"26540\" class=\"sc_services_item sc_item_container post_container with_content with_image sc_services_item_featured_none post-26540 cpt_services type-cpt_services status-publish has-post-thumbnail hentry\">\n\t\t<div class=\"sc_services_item_content \" style=\"background-image: url(https:\/\/ruraleasy.com\/wp-content\/uploads\/2026\/01\/Smart-rural-house-services-RuralEasy-840x473.webp);\">\n\t\t\t\t<div class=\"sc_services_item_content_inner\">\n\t\t\t\t\t\t<h6 class=\"sc_services_item_title\"><a href=\"https:\/\/ruraleasy.com\/es\/services\/casa-rural-inteligente-servicios-de-domotica-para-casas-rurales\/\">Casa rural inteligente &#8211; Servicios de dom\u00f3tica para casas rurales<\/a><\/h6>\n\t\t\t<div class=\"sc_services_item_text\"><p>Casa rural inteligente<\/p>\n<\/div><\/div><a class=\"sc_services_item_link\" href=\"https:\/\/ruraleasy.com\/es\/services\/casa-rural-inteligente-servicios-de-domotica-para-casas-rurales\/\"><\/a><\/div><\/div><\/div><div class=\"trx_addons_column-1_3 trx_addons_column-1_2-tablet \"><div data-post-id=\"26542\" class=\"sc_services_item sc_item_container post_container with_content with_image sc_services_item_featured_none post-26542 cpt_services type-cpt_services status-publish has-post-thumbnail hentry\">\n\t\t<div class=\"sc_services_item_content \" style=\"background-image: url(https:\/\/ruraleasy.com\/wp-content\/uploads\/2025\/12\/Calderitx-253-fantastic-finca-with-private-pool-childrens-playground-barbecue-and-terrace-1-840x629.jpg);\">\n\t\t\t\t<div class=\"sc_services_item_content_inner\">\n\t\t\t\t\t\t<h6 class=\"sc_services_item_title\"><a href=\"https:\/\/ruraleasy.com\/es\/services\/comercializacion-de-casas-rurales-y-hoteles-rurales\/\">Comercializaci\u00f3n de Casas Rurales y Hoteles Rurales.<\/a><\/h6>\n\t\t\t<div class=\"sc_services_item_text\"><p>Marketing y promoci\u00f3n<\/p>\n<\/div><\/div><a class=\"sc_services_item_link\" href=\"https:\/\/ruraleasy.com\/es\/services\/comercializacion-de-casas-rurales-y-hoteles-rurales\/\"><\/a><\/div><\/div><\/div><div class=\"trx_addons_column-1_3 trx_addons_column-1_2-tablet \"><div data-post-id=\"26544\" class=\"sc_services_item sc_item_container post_container with_content with_image sc_services_item_featured_none post-26544 cpt_services type-cpt_services status-publish has-post-thumbnail hentry\">\n\t\t<div class=\"sc_services_item_content \" style=\"background-image: url(https:\/\/ruraleasy.com\/wp-content\/uploads\/2025\/12\/customer-care-service-rural-house-2-840x560.jpg);\">\n\t\t\t\t<div class=\"sc_services_item_content_inner\">\n\t\t\t\t\t\t<h6 class=\"sc_services_item_title\"><a href=\"https:\/\/ruraleasy.com\/es\/services\/atencion-al-cliente-multi-idioma-y-gestion-para-casas-y-hoteles-rurales\/\">Atenci\u00f3n al cliente multi-idioma y gesti\u00f3n para Casas y Hoteles Rurales<\/a><\/h6>\n\t\t\t<div class=\"sc_services_item_text\"><p>Comunicaci\u00f3n multiling\u00fce con los hu\u00e9spedes<\/p>\n<\/div><\/div><a class=\"sc_services_item_link\" href=\"https:\/\/ruraleasy.com\/es\/services\/atencion-al-cliente-multi-idioma-y-gestion-para-casas-y-hoteles-rurales\/\"><\/a><\/div><\/div><\/div><div class=\"trx_addons_column-1_3 trx_addons_column-1_2-tablet \"><div data-post-id=\"26547\" class=\"sc_services_item sc_item_container post_container with_content with_image sc_services_item_featured_none post-26547 cpt_services type-cpt_services status-publish has-post-thumbnail hentry\">\n\t\t<div class=\"sc_services_item_content \" style=\"background-image: url(https:\/\/ruraleasy.com\/wp-content\/uploads\/2025\/12\/customer-care-service-rural-house-1-840x473.jpg);\">\n\t\t\t\t<div class=\"sc_services_item_content_inner\">\n\t\t\t\t\t\t<h6 class=\"sc_services_item_title\"><a href=\"https:\/\/ruraleasy.com\/es\/services\/gestion-de-operaciones-de-casas-y-hoteles-rurales\/\">Gesti\u00f3n de operaciones de Casas y Hoteles Rurales<\/a><\/h6>\n\t\t\t<div class=\"sc_services_item_text\"><p>Gesti\u00f3n de operaciones<\/p>\n<\/div><\/div><a class=\"sc_services_item_link\" href=\"https:\/\/ruraleasy.com\/es\/services\/gestion-de-operaciones-de-casas-y-hoteles-rurales\/\"><\/a><\/div><\/div><\/div><\/div><\/div>\t\t\t\t<\/div>\n\t\t\t\t<\/div>\n\t\t\t\t<div class=\"elementor-element elementor-element-2db23df sc_height_huge sc_fly_static elementor-widget elementor-widget-spacer\" data-id=\"2db23df\" data-element_type=\"widget\" data-e-type=\"widget\" data-widget_type=\"spacer.default\">\n\t\t\t\t\t\t\t<div class=\"elementor-spacer\">\n\t\t\t<div class=\"elementor-spacer-inner\"><\/div>\n\t\t<\/div>\n\t\t\t\t\t\t<\/div>\n\t\t\t\t\t<\/div>\n\t\t<\/div>\n\t\t\t\t\t<\/div>\n\t\t<\/section>\n\t\t\t\t<\/div>\n\t\t","protected":false},"excerpt":{"rendered":"<p>En RuralEasy entendemos que cada propietario tiene una necesidad concreta y por eso nos adaptamos a sus necesidades. Hemos preparado una lista de servicios que cubren cada una de las&hellip;<\/p>\n","protected":false},"author":2,"featured_media":0,"parent":0,"menu_order":0,"comment_status":"closed","ping_status":"closed","template":"","meta":{"footnotes":""},"class_list":["post-26548","page","type-page","status-publish","hentry"],"yoast_head":"<!-- This site is optimized with the Yoast SEO plugin v27.2 - https:\/\/yoast.com\/product\/yoast-seo-wordpress\/ -->\n<title>Nuestros servicios - RuralEasy<\/title>\n<meta name=\"robots\" content=\"index, follow, max-snippet:-1, max-image-preview:large, max-video-preview:-1\" \/>\n<link rel=\"canonical\" href=\"https:\/\/ruraleasy.com\/es\/nuestros-servicios\/\" \/>\n<meta property=\"og:locale\" content=\"es_ES\" \/>\n<meta property=\"og:type\" content=\"article\" \/>\n<meta property=\"og:title\" content=\"Nuestros servicios - RuralEasy\" \/>\n<meta property=\"og:description\" content=\"En RuralEasy entendemos que cada propietario tiene una necesidad concreta y por eso nos adaptamos a sus necesidades. Hemos preparado una lista de servicios que cubren cada una de las&hellip;\" \/>\n<meta property=\"og:url\" content=\"https:\/\/ruraleasy.com\/es\/nuestros-servicios\/\" \/>\n<meta property=\"og:site_name\" content=\"RuralEasy\" \/>\n<meta property=\"article:publisher\" content=\"https:\/\/www.facebook.com\/profile.php?id=61586769472382\" \/>\n<meta property=\"article:modified_time\" content=\"2026-03-28T09:30:47+00:00\" \/>\n<meta name=\"twitter:card\" content=\"summary_large_image\" \/>\n<meta name=\"twitter:label1\" content=\"Tiempo de lectura\" \/>\n\t<meta name=\"twitter:data1\" content=\"1 minuto\" \/>\n<script type=\"application\/ld+json\" class=\"yoast-schema-graph\">{\"@context\":\"https:\/\/schema.org\",\"@graph\":[{\"@type\":\"WebPage\",\"@id\":\"https:\/\/ruraleasy.com\/es\/nuestros-servicios\/\",\"url\":\"https:\/\/ruraleasy.com\/es\/nuestros-servicios\/\",\"name\":\"Nuestros servicios - RuralEasy\",\"isPartOf\":{\"@id\":\"https:\/\/ruraleasy.com\/es\/#website\"},\"datePublished\":\"2026-02-16T17:39:24+00:00\",\"dateModified\":\"2026-03-28T09:30:47+00:00\",\"breadcrumb\":{\"@id\":\"https:\/\/ruraleasy.com\/es\/nuestros-servicios\/#breadcrumb\"},\"inLanguage\":\"es\",\"potentialAction\":[{\"@type\":\"ReadAction\",\"target\":[\"https:\/\/ruraleasy.com\/es\/nuestros-servicios\/\"]}]},{\"@type\":\"BreadcrumbList\",\"@id\":\"https:\/\/ruraleasy.com\/es\/nuestros-servicios\/#breadcrumb\",\"itemListElement\":[{\"@type\":\"ListItem\",\"position\":1,\"name\":\"Home\",\"item\":\"https:\/\/ruraleasy.com\/es\/\"},{\"@type\":\"ListItem\",\"position\":2,\"name\":\"Nuestros servicios\"}]},{\"@type\":\"WebSite\",\"@id\":\"https:\/\/ruraleasy.com\/es\/#website\",\"url\":\"https:\/\/ruraleasy.com\/es\/\",\"name\":\"RuralEasy\",\"description\":\"RuralEasy\",\"publisher\":{\"@id\":\"https:\/\/ruraleasy.com\/es\/#organization\"},\"potentialAction\":[{\"@type\":\"SearchAction\",\"target\":{\"@type\":\"EntryPoint\",\"urlTemplate\":\"https:\/\/ruraleasy.com\/es\/?s={search_term_string}\"},\"query-input\":{\"@type\":\"PropertyValueSpecification\",\"valueRequired\":true,\"valueName\":\"search_term_string\"}}],\"inLanguage\":\"es\"},{\"@type\":\"Organization\",\"@id\":\"https:\/\/ruraleasy.com\/es\/#organization\",\"name\":\"RuralEasy is the extension of ApartEasy into the rural areas\",\"url\":\"https:\/\/ruraleasy.com\/es\/\",\"logo\":{\"@type\":\"ImageObject\",\"inLanguage\":\"es\",\"@id\":\"https:\/\/ruraleasy.com\/es\/#\/schema\/logo\/image\/\",\"url\":\"https:\/\/ruraleasy.com\/wp-content\/uploads\/2026\/02\/logo_interior_eng_01.png\",\"contentUrl\":\"https:\/\/ruraleasy.com\/wp-content\/uploads\/2026\/02\/logo_interior_eng_01.png\",\"width\":600,\"height\":146,\"caption\":\"RuralEasy is the extension of ApartEasy into the rural areas\"},\"image\":{\"@id\":\"https:\/\/ruraleasy.com\/es\/#\/schema\/logo\/image\/\"},\"sameAs\":[\"https:\/\/www.facebook.com\/profile.php?id=61586769472382\",\"https:\/\/www.instagram.com\/ruraleasy\/\",\"https:\/\/www.linkedin.com\/company\/ruraleasy\/\"]}]}<\/script>\n<!-- \/ Yoast SEO plugin. -->","yoast_head_json":{"title":"Nuestros servicios - RuralEasy","robots":{"index":"index","follow":"follow","max-snippet":"max-snippet:-1","max-image-preview":"max-image-preview:large","max-video-preview":"max-video-preview:-1"},"canonical":"https:\/\/ruraleasy.com\/es\/nuestros-servicios\/","og_locale":"es_ES","og_type":"article","og_title":"Nuestros servicios - RuralEasy","og_description":"En RuralEasy entendemos que cada propietario tiene una necesidad concreta y por eso nos adaptamos a sus necesidades. Hemos preparado una lista de servicios que cubren cada una de las&hellip;","og_url":"https:\/\/ruraleasy.com\/es\/nuestros-servicios\/","og_site_name":"RuralEasy","article_publisher":"https:\/\/www.facebook.com\/profile.php?id=61586769472382","article_modified_time":"2026-03-28T09:30:47+00:00","twitter_card":"summary_large_image","twitter_misc":{"Tiempo de lectura":"1 minuto"},"schema":{"@context":"https:\/\/schema.org","@graph":[{"@type":"WebPage","@id":"https:\/\/ruraleasy.com\/es\/nuestros-servicios\/","url":"https:\/\/ruraleasy.com\/es\/nuestros-servicios\/","name":"Nuestros servicios - RuralEasy","isPartOf":{"@id":"https:\/\/ruraleasy.com\/es\/#website"},"datePublished":"2026-02-16T17:39:24+00:00","dateModified":"2026-03-28T09:30:47+00:00","breadcrumb":{"@id":"https:\/\/ruraleasy.com\/es\/nuestros-servicios\/#breadcrumb"},"inLanguage":"es","potentialAction":[{"@type":"ReadAction","target":["https:\/\/ruraleasy.com\/es\/nuestros-servicios\/"]}]},{"@type":"BreadcrumbList","@id":"https:\/\/ruraleasy.com\/es\/nuestros-servicios\/#breadcrumb","itemListElement":[{"@type":"ListItem","position":1,"name":"Home","item":"https:\/\/ruraleasy.com\/es\/"},{"@type":"ListItem","position":2,"name":"Nuestros servicios"}]},{"@type":"WebSite","@id":"https:\/\/ruraleasy.com\/es\/#website","url":"https:\/\/ruraleasy.com\/es\/","name":"RuralEasy","description":"RuralEasy","publisher":{"@id":"https:\/\/ruraleasy.com\/es\/#organization"},"potentialAction":[{"@type":"SearchAction","target":{"@type":"EntryPoint","urlTemplate":"https:\/\/ruraleasy.com\/es\/?s={search_term_string}"},"query-input":{"@type":"PropertyValueSpecification","valueRequired":true,"valueName":"search_term_string"}}],"inLanguage":"es"},{"@type":"Organization","@id":"https:\/\/ruraleasy.com\/es\/#organization","name":"RuralEasy is the extension of ApartEasy into the rural areas","url":"https:\/\/ruraleasy.com\/es\/","logo":{"@type":"ImageObject","inLanguage":"es","@id":"https:\/\/ruraleasy.com\/es\/#\/schema\/logo\/image\/","url":"https:\/\/ruraleasy.com\/wp-content\/uploads\/2026\/02\/logo_interior_eng_01.png","contentUrl":"https:\/\/ruraleasy.com\/wp-content\/uploads\/2026\/02\/logo_interior_eng_01.png","width":600,"height":146,"caption":"RuralEasy is the extension of ApartEasy into the rural areas"},"image":{"@id":"https:\/\/ruraleasy.com\/es\/#\/schema\/logo\/image\/"},"sameAs":["https:\/\/www.facebook.com\/profile.php?id=61586769472382","https:\/\/www.instagram.com\/ruraleasy\/","https:\/\/www.linkedin.com\/company\/ruraleasy\/"]}]}},"_links":{"self":[{"href":"https:\/\/ruraleasy.com\/es\/wp-json\/wp\/v2\/pages\/26548","targetHints":{"allow":["GET"]}}],"collection":[{"href":"https:\/\/ruraleasy.com\/es\/wp-json\/wp\/v2\/pages"}],"about":[{"href":"https:\/\/ruraleasy.com\/es\/wp-json\/wp\/v2\/types\/page"}],"author":[{"embeddable":true,"href":"https:\/\/ruraleasy.com\/es\/wp-json\/wp\/v2\/users\/2"}],"replies":[{"embeddable":true,"href":"https:\/\/ruraleasy.com\/es\/wp-json\/wp\/v2\/comments?post=26548"}],"version-history":[{"count":2,"href":"https:\/\/ruraleasy.com\/es\/wp-json\/wp\/v2\/pages\/26548\/revisions"}],"predecessor-version":[{"id":27805,"href":"https:\/\/ruraleasy.com\/es\/wp-json\/wp\/v2\/pages\/26548\/revisions\/27805"}],"wp:attachment":[{"href":"https:\/\/ruraleasy.com\/es\/wp-json\/wp\/v2\/media?parent=26548"}],"curies":[{"name":"wp","href":"https:\/\/api.w.org\/{rel}","templated":true}]}}