{"id":26859,"date":"2021-02-01T08:23:10","date_gmt":"2021-02-01T07:23:10","guid":{"rendered":"https:\/\/ruraleasy.com\/?page_id=26859"},"modified":"2026-03-18T12:14:06","modified_gmt":"2026-03-18T11:14:06","slug":"politica-de-privacitat","status":"publish","type":"page","link":"https:\/\/ruraleasy.com\/ca\/politica-de-privacitat\/","title":{"rendered":"Pol\u00edtica de privacitat"},"content":{"rendered":"\t\t<div data-elementor-type=\"wp-page\" data-elementor-id=\"26859\" class=\"elementor elementor-26859 elementor-12954\">\n\t\t\t\t\t\t<section class=\"elementor-section elementor-top-section elementor-element elementor-element-2b1184b0 elementor-section-boxed elementor-section-height-default elementor-section-height-default sc_fly_static\" data-id=\"2b1184b0\" data-element_type=\"section\" data-e-type=\"section\" data-settings=\"{&quot;background_background&quot;:&quot;classic&quot;}\">\n\t\t\t\t\t\t<div class=\"elementor-container elementor-column-gap-extended\">\n\t\t\t\t\t<div class=\"elementor-column elementor-col-100 elementor-top-column elementor-element elementor-element-153e1c19 sc_content_align_inherit sc_layouts_column_icons_position_left sc_fly_static\" data-id=\"153e1c19\" data-element_type=\"column\" data-e-type=\"column\">\n\t\t\t<div class=\"elementor-widget-wrap elementor-element-populated\">\n\t\t\t\t\t\t<div class=\"elementor-element elementor-element-54db29de sc_fly_static elementor-widget elementor-widget-text-editor\" data-id=\"54db29de\" data-element_type=\"widget\" data-e-type=\"widget\" data-widget_type=\"text-editor.default\">\n\t\t\t\t\t\t\t\t\t<p><b>Protecci\u00f3 de Dades <br><\/b><span style=\"font-size: 18px;\">ApartEasy recopilar\u00e0 dades dels usuaris en diversos punts del lloc web https:\/\/ruraleasy.com. Aquesta informaci\u00f3 s\u2019emmagatzemar\u00e0 en un fitxer titularitat d\u2019ApartEasy S.L. per a les seg\u00fcents finalitats:<\/span><\/p>\n<ul>\n<li>Dur a terme la gesti\u00f3 sol\u00b7licitada pel client \/ possible propietari. El client \/ futur propietari haur\u00e0 de proporcionar informaci\u00f3 vera\u00e7, completa i exacta.<br><br><\/li>\n<li>Realitzar reserves<br><br><\/li>\n<li>Recollir comentaris dels hostes<br><br><\/li>\n<li>Informar-lo sobre les nostres ofertes (pot donar-se de baixa de la nostra llista de correu en qualsevol moment enviant-nos un correu electr\u00f2nic a info@aparteasy.com).<\/li>\n<\/ul>\n<div><\/div>\n<p><b>Recollida de dades<br><\/b><span style=\"font-size: 18px;\">ApartEasy recopila les seg\u00fcents dades personals: el seu nom, adre\u00e7a, adre\u00e7a de correu electr\u00f2nic i n\u00famero de tel\u00e8fon.<\/span><\/p>\n<p>Tamb\u00e9 podem recopilar dades sobre el seu dispositiu inform\u00e0tic, com ara el tipus de navegador, el sistema operatiu, l\u2019identificador \u00fanic del dispositiu, la versi\u00f3 de l\u2019aplicaci\u00f3 i el nombre de clics, amb la finalitat d\u2019analitzar tend\u00e8ncies i dades demogr\u00e0fiques, aix\u00ed com millorar el nostre lloc web. Tot i que generalment es tracta de dades an\u00f2nimes, en determinades circumst\u00e0ncies poden considerar-se dades personals, per exemple, quan es combinen. En aquests casos, les dades es tractaran d\u2019acord amb la normativa europea vigent en mat\u00e8ria de protecci\u00f3 de dades.<\/p>\n<p><strong> <\/strong><\/p>\n<p><b>Tercers <br><\/b><span style=\"font-size: 18px;\">Les seves dades podran ser transferides a tercers en les seg\u00fcents circumst\u00e0ncies:<\/span><\/p>\n<ul>\n<li>Divulgarem el seu nom, dades de contacte, passaport, document d\u2019identitat o n\u00famero de perm\u00eds de conduir, aix\u00ed com les dades de la seva targeta de cr\u00e8dit \/ d\u00e8bit, al propietari de l\u2019apartament o a l\u2019entitat banc\u00e0ria corresponent amb la finalitat de completar la seva reserva. Nom\u00e9s facilitarem al propietari de l\u2019apartament les dades necess\u00e0ries per gestionar la seva reserva. Li recomanem que contacti amb el propietari per informar-se sobre l\u2019\u00fas de les seves dades personals.<br><br><\/li>\n<li>Els comentaris que rebem dels nostres clients s\u00f3n molt importants per a nosaltres. Per aix\u00f2, \u00e9s possible que li enviem un correu electr\u00f2nic poc despr\u00e9s de la seva estada convidant-lo a completar el nostre formulari d\u2019enquesta d\u2019hostes \/ valoraci\u00f3 en l\u00ednia. En completar aquesta enquesta, vost\u00e8 accepta que puguem publicar la informaci\u00f3 facilitada al nostre lloc web amb l\u2019\u00fanic objectiu d\u2019informar futurs clients sobre la seva opini\u00f3 quant a la qualitat de l\u2019apartament i del servei rebut per part d\u2019ApartEasy. Ens reservem el dret d\u2019utilitzar, reproduir, modificar, adaptar, traduir, distribuir, publicar, crear obres derivades, mostrar p\u00fablicament, rebutjar o eliminar les opinions segons el nostre criteri. La informaci\u00f3 facilitada tamb\u00e9 es podr\u00e0 compartir amb els nostres socis afiliats, de marca compartida i\/o vinculats.<br><br><\/li>\n<li>Podrem divulgar les seves dades personals a una autoritat investigadora o governamental si aix\u00ed ho exigeix la llei (o qualsevol normativa amb for\u00e7a de llei) o amb la finalitat de detectar, prevenir o perseguir delictes.<br><br><\/li>\n<li>ApartEasy no vendr\u00e0 les dades facilitades a tercers llevat que vost\u00e8 n\u2019autoritzi el consentiment.<\/li>\n<\/ul>\n<div><\/div>\n<p><b>Drets dels usuaris<br><\/b><span style=\"font-size: 18px;\">Els usuaris tenen els seg\u00fcents drets:<\/span><\/p>\n<ul>\n<li>Sol\u00b7licitar l\u2019ACC\u00c9S a les seves dades personals<\/li>\n<li>Sol\u00b7licitar la RECTIFICACI\u00d3 de les seves dades personals<\/li>\n<li>Sol\u00b7licitar la SUPRESSI\u00d3 de les seves dades personals (dret a l\u2019oblit)<\/li>\n<li>LIMITAR o OPOSAR-SE a l\u2019\u00fas de les seves dades personals<\/li>\n<li>Dret a la PORTABILITAT DE LES DADES per a serveis de telecomunicacions o internet<\/li>\n<li>Dret a RETIRAR el consentiment en qualsevol moment<\/li>\n<li>Dret a presentar RECLAMACIONS en mat\u00e8ria de protecci\u00f3 de dades davant l\u2019autoritat competent: Ag\u00e8ncia Espanyola de Protecci\u00f3 de Dades<\/li>\n<\/ul>\n<p>Els usuaris poden exercir els seus drets d\u2019acc\u00e9s, rectificaci\u00f3, supressi\u00f3, limitaci\u00f3 i oposici\u00f3 al tractament de les seves dades personals, aix\u00ed com el seu dret a la portabilitat de les dades i a retirar el consentiment, contactant amb el propietari del lloc web:<\/p>\n<ul>\n<li>Per correu electr\u00f2nic: info@aparteasy.com<\/li>\n<li>Per tel\u00e8fon: 0034 934516766<\/li>\n<li>Per correu postal: <span style=\"font-size: 18px;\">ApartEasy <\/span><span style=\"font-size: 18px;\">Santa Tecla, 3 <\/span><span style=\"font-size: 18px;\">08012 Barcelona <\/span><span style=\"font-size: 18px;\">Espanya<\/span><\/li>\n<\/ul>\n<p>A m\u00e9s dels drets esmentats anteriorment, els usuaris que considerin que les seves dades no s\u2019estan tractant d\u2019acord amb la normativa vigent en mat\u00e8ria de protecci\u00f3 de dades poden presentar una reclamaci\u00f3 davant l\u2019autoritat competent, les dades de contacte de la qual es detallen a continuaci\u00f3:<\/p>\n<p style=\"padding-left: 40px;\">Ag\u00e8ncia Espanyola de Protecci\u00f3 de Dades<br><span style=\"font-size: 18px;\">C\/ Jorge Juan, 6. 28001, Madrid (Madrid), Espanya<br><\/span><span style=\"font-size: 18px;\">Correu electr\u00f2nic: info@agpd.es &#8211; Tel: 912663517<br><\/span><span style=\"font-size: 18px;\">Lloc web: https:\/\/www.agpd.es<\/span><\/p>\n<p><b>Seguretat<br><\/b><span style=\"font-size: 18px;\">ApartEasy compleix amb els nivells de seguretat per a la protecci\u00f3 de dades personals exigits per la legislaci\u00f3 vigent de la UE. ApartEasy aplica els procediments de seguretat adequats per evitar l\u2019\u00fas indegut de les dades personals, i nom\u00e9s el personal autoritzat pot accedir i utilitzar les seves dades personals per al desenvolupament de les seves funcions.<\/span><\/p>\n<p>ApartEasy compleix amb els requisits i el proc\u00e9s de validaci\u00f3 establerts en l\u2019Est\u00e0ndard de Seguretat de Dades de la Ind\u00fastria de Targetes de Pagament (PCI DSS), aprovat per les principals companyies de targetes de cr\u00e8dit.<\/p>\n<p><span style=\"font-size: 18px;\"><b>Canvis en aquesta declaraci\u00f3 <br><\/b><\/span><span style=\"font-size: 18px;\">Ens reservem el dret de realitzar canvis en aquesta pol\u00edtica en qualsevol moment. Si es realitzen canvis, aquesta declaraci\u00f3 ser\u00e0 actualitzada.<\/span><\/p>\n<p><b>Av\u00eds legal <br><\/b><span style=\"font-size: 18px;\">ApartEasy \u00e9s propietat d\u2019ApartEasy S.L., una societat de responsabilitat limitada registrada a Espanya. N\u00ba de registre de l\u2019empresa: B63890727. Inscrita en el Registre Mercantil de Barcelona, Tom 37759, Foli 45, Full B 311355, Inscripci\u00f3 1<\/span><\/p>\n<p>Santa Tecla, 3 | 08012-Barcelona (Espanya) Tel (+34) 934516766 | E-mail: <a href=\"mailto:info@aparteasy.com\">info@aparteasy.com<\/a><\/p>\t\t\t\t\t\t\t\t<\/div>\n\t\t\t\t<div class=\"elementor-element elementor-element-690b98ed sc_height_large sc_fly_static elementor-widget elementor-widget-spacer\" data-id=\"690b98ed\" data-element_type=\"widget\" data-e-type=\"widget\" data-widget_type=\"spacer.default\">\n\t\t\t\t\t\t\t<div class=\"elementor-spacer\">\n\t\t\t<div class=\"elementor-spacer-inner\"><\/div>\n\t\t<\/div>\n\t\t\t\t\t\t<\/div>\n\t\t\t\t\t<\/div>\n\t\t<\/div>\n\t\t\t\t\t<\/div>\n\t\t<\/section>\n\t\t\t\t<\/div>\n\t\t","protected":false},"excerpt":{"rendered":"<p>Protecci\u00f3 de Dades ApartEasy recopilar\u00e0 dades dels usuaris en diversos punts del lloc web https:\/\/ruraleasy.com. Aquesta informaci\u00f3 s\u2019emmagatzemar\u00e0 en un fitxer titularitat d\u2019ApartEasy S.L. per a les seg\u00fcents finalitats: Dur&hellip;<\/p>\n","protected":false},"author":2,"featured_media":0,"parent":0,"menu_order":0,"comment_status":"closed","ping_status":"closed","template":"","meta":{"footnotes":""},"class_list":["post-26859","page","type-page","status-publish","hentry"],"yoast_head":"<!-- This site is optimized with the Yoast SEO plugin v27.2 - https:\/\/yoast.com\/product\/yoast-seo-wordpress\/ -->\n<title>Pol\u00edtica de privacitat - RuralEasy<\/title>\n<meta name=\"robots\" content=\"index, follow, max-snippet:-1, max-image-preview:large, max-video-preview:-1\" \/>\n<link rel=\"canonical\" href=\"https:\/\/ruraleasy.com\/ca\/politica-de-privacitat\/\" \/>\n<meta property=\"og:locale\" content=\"ca_ES\" \/>\n<meta property=\"og:type\" content=\"article\" \/>\n<meta property=\"og:title\" content=\"Pol\u00edtica de privacitat - RuralEasy\" \/>\n<meta property=\"og:description\" content=\"Protecci\u00f3 de Dades ApartEasy recopilar\u00e0 dades dels usuaris en diversos punts del lloc web https:\/\/ruraleasy.com. Aquesta informaci\u00f3 s\u2019emmagatzemar\u00e0 en un fitxer titularitat d\u2019ApartEasy S.L. per a les seg\u00fcents finalitats: Dur&hellip;\" \/>\n<meta property=\"og:url\" content=\"https:\/\/ruraleasy.com\/ca\/politica-de-privacitat\/\" \/>\n<meta property=\"og:site_name\" content=\"RuralEasy\" \/>\n<meta property=\"article:publisher\" content=\"https:\/\/www.facebook.com\/profile.php?id=61586769472382\" \/>\n<meta property=\"article:modified_time\" content=\"2026-03-18T11:14:06+00:00\" \/>\n<meta name=\"twitter:card\" content=\"summary_large_image\" \/>\n<meta name=\"twitter:label1\" content=\"Temps estimat de lectura\" \/>\n\t<meta name=\"twitter:data1\" content=\"5 minuts\" \/>\n<script type=\"application\/ld+json\" class=\"yoast-schema-graph\">{\"@context\":\"https:\/\/schema.org\",\"@graph\":[{\"@type\":\"WebPage\",\"@id\":\"https:\/\/ruraleasy.com\/ca\/politica-de-privacitat\/\",\"url\":\"https:\/\/ruraleasy.com\/ca\/politica-de-privacitat\/\",\"name\":\"Pol\u00edtica de privacitat - RuralEasy\",\"isPartOf\":{\"@id\":\"https:\/\/ruraleasy.com\/ca\/#website\"},\"datePublished\":\"2021-02-01T07:23:10+00:00\",\"dateModified\":\"2026-03-18T11:14:06+00:00\",\"breadcrumb\":{\"@id\":\"https:\/\/ruraleasy.com\/ca\/politica-de-privacitat\/#breadcrumb\"},\"inLanguage\":\"ca\",\"potentialAction\":[{\"@type\":\"ReadAction\",\"target\":[\"https:\/\/ruraleasy.com\/ca\/politica-de-privacitat\/\"]}]},{\"@type\":\"BreadcrumbList\",\"@id\":\"https:\/\/ruraleasy.com\/ca\/politica-de-privacitat\/#breadcrumb\",\"itemListElement\":[{\"@type\":\"ListItem\",\"position\":1,\"name\":\"Home\",\"item\":\"https:\/\/ruraleasy.com\/ca\/\"},{\"@type\":\"ListItem\",\"position\":2,\"name\":\"Pol\u00edtica de privacitat\"}]},{\"@type\":\"WebSite\",\"@id\":\"https:\/\/ruraleasy.com\/ca\/#website\",\"url\":\"https:\/\/ruraleasy.com\/ca\/\",\"name\":\"RuralEasy\",\"description\":\"RuralEasy\",\"publisher\":{\"@id\":\"https:\/\/ruraleasy.com\/ca\/#organization\"},\"potentialAction\":[{\"@type\":\"SearchAction\",\"target\":{\"@type\":\"EntryPoint\",\"urlTemplate\":\"https:\/\/ruraleasy.com\/ca\/?s={search_term_string}\"},\"query-input\":{\"@type\":\"PropertyValueSpecification\",\"valueRequired\":true,\"valueName\":\"search_term_string\"}}],\"inLanguage\":\"ca\"},{\"@type\":\"Organization\",\"@id\":\"https:\/\/ruraleasy.com\/ca\/#organization\",\"name\":\"RuralEasy is the extension of ApartEasy into the rural areas\",\"url\":\"https:\/\/ruraleasy.com\/ca\/\",\"logo\":{\"@type\":\"ImageObject\",\"inLanguage\":\"ca\",\"@id\":\"https:\/\/ruraleasy.com\/ca\/#\/schema\/logo\/image\/\",\"url\":\"https:\/\/ruraleasy.com\/wp-content\/uploads\/2026\/02\/logo_interior_eng_01.png\",\"contentUrl\":\"https:\/\/ruraleasy.com\/wp-content\/uploads\/2026\/02\/logo_interior_eng_01.png\",\"width\":600,\"height\":146,\"caption\":\"RuralEasy is the extension of ApartEasy into the rural areas\"},\"image\":{\"@id\":\"https:\/\/ruraleasy.com\/ca\/#\/schema\/logo\/image\/\"},\"sameAs\":[\"https:\/\/www.facebook.com\/profile.php?id=61586769472382\",\"https:\/\/www.instagram.com\/ruraleasy\/\",\"https:\/\/www.linkedin.com\/company\/ruraleasy\/\"]}]}<\/script>\n<!-- \/ Yoast SEO plugin. -->","yoast_head_json":{"title":"Pol\u00edtica de privacitat - RuralEasy","robots":{"index":"index","follow":"follow","max-snippet":"max-snippet:-1","max-image-preview":"max-image-preview:large","max-video-preview":"max-video-preview:-1"},"canonical":"https:\/\/ruraleasy.com\/ca\/politica-de-privacitat\/","og_locale":"ca_ES","og_type":"article","og_title":"Pol\u00edtica de privacitat - RuralEasy","og_description":"Protecci\u00f3 de Dades ApartEasy recopilar\u00e0 dades dels usuaris en diversos punts del lloc web https:\/\/ruraleasy.com. Aquesta informaci\u00f3 s\u2019emmagatzemar\u00e0 en un fitxer titularitat d\u2019ApartEasy S.L. per a les seg\u00fcents finalitats: Dur&hellip;","og_url":"https:\/\/ruraleasy.com\/ca\/politica-de-privacitat\/","og_site_name":"RuralEasy","article_publisher":"https:\/\/www.facebook.com\/profile.php?id=61586769472382","article_modified_time":"2026-03-18T11:14:06+00:00","twitter_card":"summary_large_image","twitter_misc":{"Temps estimat de lectura":"5 minuts"},"schema":{"@context":"https:\/\/schema.org","@graph":[{"@type":"WebPage","@id":"https:\/\/ruraleasy.com\/ca\/politica-de-privacitat\/","url":"https:\/\/ruraleasy.com\/ca\/politica-de-privacitat\/","name":"Pol\u00edtica de privacitat - RuralEasy","isPartOf":{"@id":"https:\/\/ruraleasy.com\/ca\/#website"},"datePublished":"2021-02-01T07:23:10+00:00","dateModified":"2026-03-18T11:14:06+00:00","breadcrumb":{"@id":"https:\/\/ruraleasy.com\/ca\/politica-de-privacitat\/#breadcrumb"},"inLanguage":"ca","potentialAction":[{"@type":"ReadAction","target":["https:\/\/ruraleasy.com\/ca\/politica-de-privacitat\/"]}]},{"@type":"BreadcrumbList","@id":"https:\/\/ruraleasy.com\/ca\/politica-de-privacitat\/#breadcrumb","itemListElement":[{"@type":"ListItem","position":1,"name":"Home","item":"https:\/\/ruraleasy.com\/ca\/"},{"@type":"ListItem","position":2,"name":"Pol\u00edtica de privacitat"}]},{"@type":"WebSite","@id":"https:\/\/ruraleasy.com\/ca\/#website","url":"https:\/\/ruraleasy.com\/ca\/","name":"RuralEasy","description":"RuralEasy","publisher":{"@id":"https:\/\/ruraleasy.com\/ca\/#organization"},"potentialAction":[{"@type":"SearchAction","target":{"@type":"EntryPoint","urlTemplate":"https:\/\/ruraleasy.com\/ca\/?s={search_term_string}"},"query-input":{"@type":"PropertyValueSpecification","valueRequired":true,"valueName":"search_term_string"}}],"inLanguage":"ca"},{"@type":"Organization","@id":"https:\/\/ruraleasy.com\/ca\/#organization","name":"RuralEasy is the extension of ApartEasy into the rural areas","url":"https:\/\/ruraleasy.com\/ca\/","logo":{"@type":"ImageObject","inLanguage":"ca","@id":"https:\/\/ruraleasy.com\/ca\/#\/schema\/logo\/image\/","url":"https:\/\/ruraleasy.com\/wp-content\/uploads\/2026\/02\/logo_interior_eng_01.png","contentUrl":"https:\/\/ruraleasy.com\/wp-content\/uploads\/2026\/02\/logo_interior_eng_01.png","width":600,"height":146,"caption":"RuralEasy is the extension of ApartEasy into the rural areas"},"image":{"@id":"https:\/\/ruraleasy.com\/ca\/#\/schema\/logo\/image\/"},"sameAs":["https:\/\/www.facebook.com\/profile.php?id=61586769472382","https:\/\/www.instagram.com\/ruraleasy\/","https:\/\/www.linkedin.com\/company\/ruraleasy\/"]}]}},"_links":{"self":[{"href":"https:\/\/ruraleasy.com\/ca\/wp-json\/wp\/v2\/pages\/26859","targetHints":{"allow":["GET"]}}],"collection":[{"href":"https:\/\/ruraleasy.com\/ca\/wp-json\/wp\/v2\/pages"}],"about":[{"href":"https:\/\/ruraleasy.com\/ca\/wp-json\/wp\/v2\/types\/page"}],"author":[{"embeddable":true,"href":"https:\/\/ruraleasy.com\/ca\/wp-json\/wp\/v2\/users\/2"}],"replies":[{"embeddable":true,"href":"https:\/\/ruraleasy.com\/ca\/wp-json\/wp\/v2\/comments?post=26859"}],"version-history":[{"count":2,"href":"https:\/\/ruraleasy.com\/ca\/wp-json\/wp\/v2\/pages\/26859\/revisions"}],"predecessor-version":[{"id":26878,"href":"https:\/\/ruraleasy.com\/ca\/wp-json\/wp\/v2\/pages\/26859\/revisions\/26878"}],"wp:attachment":[{"href":"https:\/\/ruraleasy.com\/ca\/wp-json\/wp\/v2\/media?parent=26859"}],"curies":[{"name":"wp","href":"https:\/\/api.w.org\/{rel}","templated":true}]}}