{"id":26742,"date":"2026-02-14T13:01:41","date_gmt":"2026-02-14T12:01:41","guid":{"rendered":"https:\/\/ruraleasy.com\/?page_id=26742"},"modified":"2026-03-28T13:41:17","modified_gmt":"2026-03-28T12:41:17","slug":"plans","status":"publish","type":"page","link":"https:\/\/ruraleasy.com\/ca\/plans\/","title":{"rendered":"Plans"},"content":{"rendered":"\t\t<div data-elementor-type=\"wp-page\" data-elementor-id=\"26742\" class=\"elementor elementor-26742 elementor-25503\">\n\t\t\t\t\t\t<section class=\"elementor-section elementor-top-section elementor-element elementor-element-c581eac elementor-section-boxed elementor-section-height-default elementor-section-height-default sc_fly_static\" data-id=\"c581eac\" data-element_type=\"section\" data-e-type=\"section\">\n\t\t\t\t\t\t<div class=\"elementor-container elementor-column-gap-extended\">\n\t\t\t\t\t<div class=\"elementor-column elementor-col-100 elementor-top-column elementor-element elementor-element-167fc36 sc_content_align_inherit sc_layouts_column_icons_position_left sc_fly_static\" data-id=\"167fc36\" data-element_type=\"column\" data-e-type=\"column\">\n\t\t\t<div class=\"elementor-widget-wrap elementor-element-populated\">\n\t\t\t\t\t\t<div class=\"elementor-element elementor-element-4934293 sc_height_huge sc_fly_static elementor-widget elementor-widget-spacer\" data-id=\"4934293\" data-element_type=\"widget\" data-e-type=\"widget\" data-widget_type=\"spacer.default\">\n\t\t\t\t\t\t\t<div class=\"elementor-spacer\">\n\t\t\t<div class=\"elementor-spacer-inner\"><\/div>\n\t\t<\/div>\n\t\t\t\t\t\t<\/div>\n\t\t\t\t<div class=\"elementor-element elementor-element-8a3ac88 sc_fly_static elementor-widget elementor-widget-trx_sc_title\" data-id=\"8a3ac88\" data-element_type=\"widget\" data-e-type=\"widget\" data-widget_type=\"trx_sc_title.default\">\n\t\t\t\t<div class=\"elementor-widget-container\">\n\t\t\t\t\t<div\t\tclass=\"sc_title sc_title_default\" ><h2 class=\"sc_item_title sc_title_title sc_align_center sc_item_title_style_default sc_item_title_tag\"\n\t\t\t><span class=\"sc_item_title_text\">Tria el pla que m\u00e9s et convingui en cada moment.<\/span><\/h2><\/div>\t\t\t\t<\/div>\n\t\t\t\t<\/div>\n\t\t\t\t<div class=\"elementor-element elementor-element-bc39e01 sc_height_tiny sc_fly_static elementor-widget elementor-widget-spacer\" data-id=\"bc39e01\" data-element_type=\"widget\" data-e-type=\"widget\" data-widget_type=\"spacer.default\">\n\t\t\t\t\t\t\t<div class=\"elementor-spacer\">\n\t\t\t<div class=\"elementor-spacer-inner\"><\/div>\n\t\t<\/div>\n\t\t\t\t\t\t<\/div>\n\t\t\t\t<div class=\"elementor-element elementor-element-5dd483b sc_fly_static elementor-widget elementor-widget-text-editor\" data-id=\"5dd483b\" data-element_type=\"widget\" data-e-type=\"widget\" data-widget_type=\"text-editor.default\">\n\t\t\t\t\t\t\t\t\t<p>Tots els nostres serveis es poden contractar de manera individual, per\u00f2 et proposem uns plans que poden encaixar amb les teves necessitats.<\/p>\t\t\t\t\t\t\t\t<\/div>\n\t\t\t\t<div class=\"elementor-element elementor-element-7f65ea7 sc_height_medium sc_fly_static elementor-widget elementor-widget-spacer\" data-id=\"7f65ea7\" data-element_type=\"widget\" data-e-type=\"widget\" data-widget_type=\"spacer.default\">\n\t\t\t\t\t\t\t<div class=\"elementor-spacer\">\n\t\t\t<div class=\"elementor-spacer-inner\"><\/div>\n\t\t<\/div>\n\t\t\t\t\t\t<\/div>\n\t\t\t\t<div class=\"elementor-element elementor-element-08fb316 scheme_light tabla-precios sc_fly_static elementor-widget elementor-widget-trx_sc_price\" data-id=\"08fb316\" data-element_type=\"widget\" data-e-type=\"widget\" data-widget_type=\"trx_sc_price.default\">\n\t\t\t\t<div class=\"elementor-widget-container\">\n\t\t\t\t\t<div  \n\tclass=\"sc_price color_style_link2 scheme_light sc_price_metro\"><div class=\"sc_price_columns_wrap sc_item_columns trx_addons_columns_wrap columns_padding_bottom columns_in_single_row\"><div class=\"trx_addons_column-1_3\"><div class=\"sc_price_item sc_price_item_metro\">\n\t\t\t<div class=\"sc_price_item_inner\"><div class=\"sc_price_item_info_top\"><h3 class=\"sc_price_item_title\"><span>SILVER<\/span><\/h3><h6 class=\"sc_price_item_subtitle\"><span>Comercialitzaci\u00f3<\/span><\/h6><\/div><div class=\"sc_price_item_info\"><div class=\"sc_price_item_price\"><span class=\"sc_price_item_price_value\"> <\/span><\/div><div class=\"sc_price_item_details\"><p>\u00a0<\/p><p style=\"text-align: center;\">Account Manager personal.<\/p><p style=\"text-align: center;\">Fotografies i v\u00eddeos.<\/p><p style=\"text-align: center;\">Promoci\u00f3 en portals de reserves i xarxes socials.<\/p><p style=\"text-align: center;\">Revenue manager (preus din\u00e0mics).<\/p><\/div><\/div><!-- \/.sc_price_item_info --><\/div><!-- \/.sc_price_item_inner --><a href=\"https:\/\/ruraleasy.com\/ca\/contacte\/\" class=\"sc_price_item_link sc_button\">TRIAR PLA<\/a><\/div><\/div><div class=\"trx_addons_column-1_3\"><div class=\"sc_price_item sc_price_item_metro\">\n\t\t\t<div class=\"sc_price_item_inner\"><div class=\"sc_price_item_info_top\"><h3 class=\"sc_price_item_title\"><span>GOLD<\/span><\/h3><h6 class=\"sc_price_item_subtitle\"><span>Comercialitzaci\u00f3 + Atenci\u00f3 al client + Gesti\u00f3<\/span><\/h6><\/div><div class=\"sc_price_item_info\"><div class=\"sc_price_item_price\"><span class=\"sc_price_item_price_value\"> <\/span><\/div><div class=\"sc_price_item_details\"><p style=\"text-align: center;\"><strong>Tot l\u2019anterior, m\u00e9s:<\/strong><\/p><p style=\"text-align: center;\">Atenci\u00f3 als clients 24\/7.<\/p><p style=\"text-align: center;\">Gesti\u00f3 de reserves i calendaris.<\/p><p style=\"text-align: center;\">Taxa tur\u00edstica i report a la policia.<\/p><p style=\"text-align: center;\">Ingressos i pagaments<\/p><\/div><\/div><!-- \/.sc_price_item_info --><\/div><!-- \/.sc_price_item_inner --><a href=\"https:\/\/ruraleasy.com\/ca\/contacte\/\" class=\"sc_price_item_link sc_button\">TRIAR PLA<\/a><\/div><\/div><div class=\"trx_addons_column-1_3\"><div class=\"sc_price_item sc_price_item_metro\">\n\t\t\t<div class=\"sc_price_item_inner\"><div class=\"sc_price_item_info_top\"><h3 class=\"sc_price_item_title\"><span>PLATINUM<\/span><\/h3><h6 class=\"sc_price_item_subtitle\"><span>Comercialitzaci\u00f3 + Atenci\u00f3 al client + Gesti\u00f3 + Operacions<\/span><\/h6><\/div><div class=\"sc_price_item_info\"><div class=\"sc_price_item_price\"><span class=\"sc_price_item_price_value\"> <\/span><\/div><div class=\"sc_price_item_details\"><p>\u00a0 \u00a0 \u00a0 \u00a0 \u00a0 \u00a0 \u00a0 \u00a0 \u00a0 \u00a0 \u00a0<strong>Tot l\u2019anterior, m\u00e9s:<\/strong><\/p><p style=\"text-align: center;\">Check-in \/ check-out.<\/p><p style=\"text-align: center;\">Neteja + Bugaderia.<\/p><p style=\"text-align: center;\">Manteniment.<\/p><p>\u00a0<\/p><\/div><\/div><!-- \/.sc_price_item_info --><\/div><!-- \/.sc_price_item_inner --><a href=\"https:\/\/ruraleasy.com\/ca\/contacte\/\" class=\"sc_price_item_link sc_button\">TRIAR PLA<\/a><\/div><\/div><\/div><\/div><!-- \/.sc_price -->\t\t\t\t<\/div>\n\t\t\t\t<\/div>\n\t\t\t\t<div class=\"elementor-element elementor-element-2e8d4f1 sc_height_huge sc_fly_static elementor-widget elementor-widget-spacer\" data-id=\"2e8d4f1\" data-element_type=\"widget\" data-e-type=\"widget\" data-widget_type=\"spacer.default\">\n\t\t\t\t\t\t\t<div class=\"elementor-spacer\">\n\t\t\t<div class=\"elementor-spacer-inner\"><\/div>\n\t\t<\/div>\n\t\t\t\t\t\t<\/div>\n\t\t\t\t\t<\/div>\n\t\t<\/div>\n\t\t\t\t\t<\/div>\n\t\t<\/section>\n\t\t\t\t<section class=\"elementor-section elementor-top-section elementor-element elementor-element-c3a1a10 elementor-section-full_width elementor-section-height-default elementor-section-height-default sc_fly_static\" data-id=\"c3a1a10\" data-element_type=\"section\" data-e-type=\"section\" data-settings=\"{&quot;background_background&quot;:&quot;classic&quot;}\">\n\t\t\t\t\t\t<div class=\"elementor-container elementor-column-gap-extended\">\n\t\t\t\t\t<div class=\"elementor-column elementor-col-100 elementor-top-column elementor-element elementor-element-f768c42 sc_content_align_inherit sc_layouts_column_icons_position_left sc_fly_static\" data-id=\"f768c42\" data-element_type=\"column\" data-e-type=\"column\">\n\t\t\t<div class=\"elementor-widget-wrap elementor-element-populated\">\n\t\t\t\t\t\t<div class=\"elementor-element elementor-element-7d586c9 sc_height_huge sc_fly_static elementor-widget elementor-widget-spacer\" data-id=\"7d586c9\" data-element_type=\"widget\" data-e-type=\"widget\" data-widget_type=\"spacer.default\">\n\t\t\t\t\t\t\t<div class=\"elementor-spacer\">\n\t\t\t<div class=\"elementor-spacer-inner\"><\/div>\n\t\t<\/div>\n\t\t\t\t\t\t<\/div>\n\t\t\t\t<div class=\"elementor-element elementor-element-db371ec sc_fly_static elementor-widget elementor-widget-trx_sc_title\" data-id=\"db371ec\" data-element_type=\"widget\" data-e-type=\"widget\" data-widget_type=\"trx_sc_title.default\">\n\t\t\t\t<div class=\"elementor-widget-container\">\n\t\t\t\t\t<div\t\tclass=\"sc_title sc_title_default\" ><h3 class=\"sc_item_title sc_title_title sc_align_center sc_item_title_style_default sc_item_title_tag\"\n\t\t\t><span class=\"sc_item_title_text\">Si la teva necessitat actual no encaixa en cap d\u2019aquests plans, consulta els nostres serveis:<\/span><\/h3><\/div>\t\t\t\t<\/div>\n\t\t\t\t<\/div>\n\t\t\t\t<div class=\"elementor-element elementor-element-ca61d8b sc_height_medium sc_fly_static elementor-widget elementor-widget-spacer\" data-id=\"ca61d8b\" data-element_type=\"widget\" data-e-type=\"widget\" data-widget_type=\"spacer.default\">\n\t\t\t\t\t\t\t<div class=\"elementor-spacer\">\n\t\t\t<div class=\"elementor-spacer-inner\"><\/div>\n\t\t<\/div>\n\t\t\t\t\t\t<\/div>\n\t\t\t\t<div class=\"elementor-element elementor-element-b1e89c7 scheme_default sc_fly_static elementor-widget elementor-widget-trx_sc_services\" data-id=\"b1e89c7\" data-element_type=\"widget\" data-e-type=\"widget\" data-widget_type=\"trx_sc_services.default\">\n\t\t\t\t<div class=\"elementor-widget-container\">\n\t\t\t\t\t<div class=\"sc_services color_style_dark scheme_default sc_services_breezy sc_services_featured_top\"><div class=\"sc_services_columns_wrap sc_item_columns sc_item_posts_container sc_item_columns_3 trx_addons_columns_wrap columns_padding_bottom\"><div class=\"trx_addons_column-1_3 \"><div data-post-id=\"26683\" class=\"sc_services_item sc_item_container post_container with_content with_image sc_services_item_featured_none post-26683 cpt_services type-cpt_services status-publish has-post-thumbnail hentry\">\n\t\t<div class=\"sc_services_item_content \" style=\"background-image: url(https:\/\/ruraleasy.com\/wp-content\/uploads\/2025\/12\/legal-advice-rural-house-rental-ruraleasy-840x540.jpg);\">\n\t\t\t\t<div class=\"sc_services_item_content_inner\">\n\t\t\t\t\t\t<h6 class=\"sc_services_item_title\"><a href=\"https:\/\/ruraleasy.com\/ca\/services\/assessorament-legal-per-al-lloguer-de-cases-rurals\/\">Assessorament legal per al lloguer de Cases Rurals<\/a><\/h6>\n\t\t\t<div class=\"sc_services_item_text\"><p>Assessorament legal<\/p>\n<\/div><\/div><a class=\"sc_services_item_link\" href=\"https:\/\/ruraleasy.com\/ca\/services\/assessorament-legal-per-al-lloguer-de-cases-rurals\/\"><\/a><\/div><\/div><\/div><div class=\"trx_addons_column-1_3 \"><div data-post-id=\"26686\" class=\"sc_services_item sc_item_container post_container with_content with_image sc_services_item_featured_none post-26686 cpt_services type-cpt_services status-publish has-post-thumbnail hentry\">\n\t\t<div class=\"sc_services_item_content \" style=\"background-image: url(https:\/\/ruraleasy.com\/wp-content\/uploads\/2023\/06\/Es-Bosquerro-054-fantastic-finca-4-840x560.jpg);\">\n\t\t\t\t<div class=\"sc_services_item_content_inner\">\n\t\t\t\t\t\t<h6 class=\"sc_services_item_title\"><a href=\"https:\/\/ruraleasy.com\/ca\/services\/reformes-re-styling-de-cases-rurals\/\">Reformes &amp; re-styling de Cases Rurals<\/a><\/h6>\n\t\t\t<div class=\"sc_services_item_text\"><p>Renovaci\u00f3 i re-styling<\/p>\n<\/div><\/div><a class=\"sc_services_item_link\" href=\"https:\/\/ruraleasy.com\/ca\/services\/reformes-re-styling-de-cases-rurals\/\"><\/a><\/div><\/div><\/div><div class=\"trx_addons_column-1_3 \"><div data-post-id=\"26688\" class=\"sc_services_item sc_item_container post_container with_content with_image sc_services_item_featured_none post-26688 cpt_services type-cpt_services status-publish has-post-thumbnail hentry\">\n\t\t<div class=\"sc_services_item_content \" style=\"background-image: url(https:\/\/ruraleasy.com\/wp-content\/uploads\/2026\/01\/Smart-rural-house-services-RuralEasy-840x473.webp);\">\n\t\t\t\t<div class=\"sc_services_item_content_inner\">\n\t\t\t\t\t\t<h6 class=\"sc_services_item_title\"><a href=\"https:\/\/ruraleasy.com\/ca\/services\/casa-rural-intelligent-serveis-de-domotica-per-a-cases-rurals-i-hotels-rurals\/\">Casa rural intel\u00b7ligent &#8211; Serveis de dom\u00f2tica per a cases rurals i hotels rurals<\/a><\/h6>\n\t\t\t<div class=\"sc_services_item_text\"><p>Casa rural intel\u00b7ligent<\/p>\n<\/div><\/div><a class=\"sc_services_item_link\" href=\"https:\/\/ruraleasy.com\/ca\/services\/casa-rural-intelligent-serveis-de-domotica-per-a-cases-rurals-i-hotels-rurals\/\"><\/a><\/div><\/div><\/div><div class=\"trx_addons_column-1_3 \"><div data-post-id=\"26690\" class=\"sc_services_item sc_item_container post_container with_content with_image sc_services_item_featured_none post-26690 cpt_services type-cpt_services status-publish has-post-thumbnail hentry\">\n\t\t<div class=\"sc_services_item_content \" style=\"background-image: url(https:\/\/ruraleasy.com\/wp-content\/uploads\/2025\/12\/Calderitx-253-fantastic-finca-with-private-pool-childrens-playground-barbecue-and-terrace-1-840x629.jpg);\">\n\t\t\t\t<div class=\"sc_services_item_content_inner\">\n\t\t\t\t\t\t<h6 class=\"sc_services_item_title\"><a href=\"https:\/\/ruraleasy.com\/ca\/services\/comercialitzacio-de-cases-rurals-i-hotels-rurals\/\">Comercialitzaci\u00f3 de Cases Rurals i Hotels Rurals.<\/a><\/h6>\n\t\t\t<div class=\"sc_services_item_text\"><p>M\u00e0rqueting i promoci\u00f3<\/p>\n<\/div><\/div><a class=\"sc_services_item_link\" href=\"https:\/\/ruraleasy.com\/ca\/services\/comercialitzacio-de-cases-rurals-i-hotels-rurals\/\"><\/a><\/div><\/div><\/div><div class=\"trx_addons_column-1_3 \"><div data-post-id=\"26692\" class=\"sc_services_item sc_item_container post_container with_content with_image sc_services_item_featured_none post-26692 cpt_services type-cpt_services status-publish has-post-thumbnail hentry\">\n\t\t<div class=\"sc_services_item_content \" style=\"background-image: url(https:\/\/ruraleasy.com\/wp-content\/uploads\/2025\/12\/customer-care-service-rural-house-2-840x560.jpg);\">\n\t\t\t\t<div class=\"sc_services_item_content_inner\">\n\t\t\t\t\t\t<h6 class=\"sc_services_item_title\"><a href=\"https:\/\/ruraleasy.com\/ca\/services\/atencio-al-client-multilingue-i-gestio-per-a-cases-i-hotels-rurals\/\">Atenci\u00f3 al client multiling\u00fce i gesti\u00f3 per a Cases i Hotels Rurals<\/a><\/h6>\n\t\t\t<div class=\"sc_services_item_text\"><p>Comunicaci\u00f3 multiling\u00fce amb els hostes<\/p>\n<\/div><\/div><a class=\"sc_services_item_link\" href=\"https:\/\/ruraleasy.com\/ca\/services\/atencio-al-client-multilingue-i-gestio-per-a-cases-i-hotels-rurals\/\"><\/a><\/div><\/div><\/div><div class=\"trx_addons_column-1_3 \"><div data-post-id=\"26695\" class=\"sc_services_item sc_item_container post_container with_content with_image sc_services_item_featured_none post-26695 cpt_services type-cpt_services status-publish has-post-thumbnail hentry\">\n\t\t<div class=\"sc_services_item_content \" style=\"background-image: url(https:\/\/ruraleasy.com\/wp-content\/uploads\/2025\/12\/customer-care-service-rural-house-1-840x473.jpg);\">\n\t\t\t\t<div class=\"sc_services_item_content_inner\">\n\t\t\t\t\t\t<h6 class=\"sc_services_item_title\"><a href=\"https:\/\/ruraleasy.com\/ca\/services\/gestio-doperacions-de-cases-i-hotels-rurals\/\">Gesti\u00f3 d\u2019operacions de Cases i Hotels Rurals<\/a><\/h6>\n\t\t\t<div class=\"sc_services_item_text\"><p>Gesti\u00f3 d&#8217;operacions<\/p>\n<\/div><\/div><a class=\"sc_services_item_link\" href=\"https:\/\/ruraleasy.com\/ca\/services\/gestio-doperacions-de-cases-i-hotels-rurals\/\"><\/a><\/div><\/div><\/div><\/div><\/div>\t\t\t\t<\/div>\n\t\t\t\t<\/div>\n\t\t\t\t<div class=\"elementor-element elementor-element-d4d9416 sc_height_huge sc_fly_static elementor-widget elementor-widget-spacer\" data-id=\"d4d9416\" data-element_type=\"widget\" data-e-type=\"widget\" data-widget_type=\"spacer.default\">\n\t\t\t\t\t\t\t<div class=\"elementor-spacer\">\n\t\t\t<div class=\"elementor-spacer-inner\"><\/div>\n\t\t<\/div>\n\t\t\t\t\t\t<\/div>\n\t\t\t\t\t<\/div>\n\t\t<\/div>\n\t\t\t\t\t<\/div>\n\t\t<\/section>\n\t\t\t\t<\/div>\n\t\t","protected":false},"excerpt":{"rendered":"<p>Tria el pla que m\u00e9s et convingui en cada moment. Tots els nostres serveis es poden contractar de manera individual, per\u00f2 et proposem uns plans que poden encaixar amb les&hellip;<\/p>\n","protected":false},"author":2,"featured_media":0,"parent":0,"menu_order":0,"comment_status":"closed","ping_status":"closed","template":"","meta":{"footnotes":""},"class_list":["post-26742","page","type-page","status-publish","hentry"],"yoast_head":"<!-- This site is optimized with the Yoast SEO plugin v27.2 - https:\/\/yoast.com\/product\/yoast-seo-wordpress\/ -->\n<title>Plans - RuralEasy<\/title>\n<meta name=\"robots\" content=\"index, follow, max-snippet:-1, max-image-preview:large, max-video-preview:-1\" \/>\n<link rel=\"canonical\" href=\"https:\/\/ruraleasy.com\/ca\/plans\/\" \/>\n<meta property=\"og:locale\" content=\"ca_ES\" \/>\n<meta property=\"og:type\" content=\"article\" \/>\n<meta property=\"og:title\" content=\"Plans - RuralEasy\" \/>\n<meta property=\"og:description\" content=\"Tria el pla que m\u00e9s et convingui en cada moment. Tots els nostres serveis es poden contractar de manera individual, per\u00f2 et proposem uns plans que poden encaixar amb les&hellip;\" \/>\n<meta property=\"og:url\" content=\"https:\/\/ruraleasy.com\/ca\/plans\/\" \/>\n<meta property=\"og:site_name\" content=\"RuralEasy\" \/>\n<meta property=\"article:publisher\" content=\"https:\/\/www.facebook.com\/profile.php?id=61586769472382\" \/>\n<meta property=\"article:modified_time\" content=\"2026-03-28T12:41:17+00:00\" \/>\n<meta name=\"twitter:card\" content=\"summary_large_image\" \/>\n<meta name=\"twitter:label1\" content=\"Temps estimat de lectura\" \/>\n\t<meta name=\"twitter:data1\" content=\"1 minut\" \/>\n<script type=\"application\/ld+json\" class=\"yoast-schema-graph\">{\"@context\":\"https:\/\/schema.org\",\"@graph\":[{\"@type\":\"WebPage\",\"@id\":\"https:\/\/ruraleasy.com\/ca\/plans\/\",\"url\":\"https:\/\/ruraleasy.com\/ca\/plans\/\",\"name\":\"Plans - RuralEasy\",\"isPartOf\":{\"@id\":\"https:\/\/ruraleasy.com\/ca\/#website\"},\"datePublished\":\"2026-02-14T12:01:41+00:00\",\"dateModified\":\"2026-03-28T12:41:17+00:00\",\"breadcrumb\":{\"@id\":\"https:\/\/ruraleasy.com\/ca\/plans\/#breadcrumb\"},\"inLanguage\":\"ca\",\"potentialAction\":[{\"@type\":\"ReadAction\",\"target\":[\"https:\/\/ruraleasy.com\/ca\/plans\/\"]}]},{\"@type\":\"BreadcrumbList\",\"@id\":\"https:\/\/ruraleasy.com\/ca\/plans\/#breadcrumb\",\"itemListElement\":[{\"@type\":\"ListItem\",\"position\":1,\"name\":\"Home\",\"item\":\"https:\/\/ruraleasy.com\/ca\/\"},{\"@type\":\"ListItem\",\"position\":2,\"name\":\"Plans\"}]},{\"@type\":\"WebSite\",\"@id\":\"https:\/\/ruraleasy.com\/ca\/#website\",\"url\":\"https:\/\/ruraleasy.com\/ca\/\",\"name\":\"RuralEasy\",\"description\":\"RuralEasy\",\"publisher\":{\"@id\":\"https:\/\/ruraleasy.com\/ca\/#organization\"},\"potentialAction\":[{\"@type\":\"SearchAction\",\"target\":{\"@type\":\"EntryPoint\",\"urlTemplate\":\"https:\/\/ruraleasy.com\/ca\/?s={search_term_string}\"},\"query-input\":{\"@type\":\"PropertyValueSpecification\",\"valueRequired\":true,\"valueName\":\"search_term_string\"}}],\"inLanguage\":\"ca\"},{\"@type\":\"Organization\",\"@id\":\"https:\/\/ruraleasy.com\/ca\/#organization\",\"name\":\"RuralEasy is the extension of ApartEasy into the rural areas\",\"url\":\"https:\/\/ruraleasy.com\/ca\/\",\"logo\":{\"@type\":\"ImageObject\",\"inLanguage\":\"ca\",\"@id\":\"https:\/\/ruraleasy.com\/ca\/#\/schema\/logo\/image\/\",\"url\":\"https:\/\/ruraleasy.com\/wp-content\/uploads\/2026\/02\/logo_interior_eng_01.png\",\"contentUrl\":\"https:\/\/ruraleasy.com\/wp-content\/uploads\/2026\/02\/logo_interior_eng_01.png\",\"width\":600,\"height\":146,\"caption\":\"RuralEasy is the extension of ApartEasy into the rural areas\"},\"image\":{\"@id\":\"https:\/\/ruraleasy.com\/ca\/#\/schema\/logo\/image\/\"},\"sameAs\":[\"https:\/\/www.facebook.com\/profile.php?id=61586769472382\",\"https:\/\/www.instagram.com\/ruraleasy\/\",\"https:\/\/www.linkedin.com\/company\/ruraleasy\/\"]}]}<\/script>\n<!-- \/ Yoast SEO plugin. -->","yoast_head_json":{"title":"Plans - RuralEasy","robots":{"index":"index","follow":"follow","max-snippet":"max-snippet:-1","max-image-preview":"max-image-preview:large","max-video-preview":"max-video-preview:-1"},"canonical":"https:\/\/ruraleasy.com\/ca\/plans\/","og_locale":"ca_ES","og_type":"article","og_title":"Plans - RuralEasy","og_description":"Tria el pla que m\u00e9s et convingui en cada moment. Tots els nostres serveis es poden contractar de manera individual, per\u00f2 et proposem uns plans que poden encaixar amb les&hellip;","og_url":"https:\/\/ruraleasy.com\/ca\/plans\/","og_site_name":"RuralEasy","article_publisher":"https:\/\/www.facebook.com\/profile.php?id=61586769472382","article_modified_time":"2026-03-28T12:41:17+00:00","twitter_card":"summary_large_image","twitter_misc":{"Temps estimat de lectura":"1 minut"},"schema":{"@context":"https:\/\/schema.org","@graph":[{"@type":"WebPage","@id":"https:\/\/ruraleasy.com\/ca\/plans\/","url":"https:\/\/ruraleasy.com\/ca\/plans\/","name":"Plans - RuralEasy","isPartOf":{"@id":"https:\/\/ruraleasy.com\/ca\/#website"},"datePublished":"2026-02-14T12:01:41+00:00","dateModified":"2026-03-28T12:41:17+00:00","breadcrumb":{"@id":"https:\/\/ruraleasy.com\/ca\/plans\/#breadcrumb"},"inLanguage":"ca","potentialAction":[{"@type":"ReadAction","target":["https:\/\/ruraleasy.com\/ca\/plans\/"]}]},{"@type":"BreadcrumbList","@id":"https:\/\/ruraleasy.com\/ca\/plans\/#breadcrumb","itemListElement":[{"@type":"ListItem","position":1,"name":"Home","item":"https:\/\/ruraleasy.com\/ca\/"},{"@type":"ListItem","position":2,"name":"Plans"}]},{"@type":"WebSite","@id":"https:\/\/ruraleasy.com\/ca\/#website","url":"https:\/\/ruraleasy.com\/ca\/","name":"RuralEasy","description":"RuralEasy","publisher":{"@id":"https:\/\/ruraleasy.com\/ca\/#organization"},"potentialAction":[{"@type":"SearchAction","target":{"@type":"EntryPoint","urlTemplate":"https:\/\/ruraleasy.com\/ca\/?s={search_term_string}"},"query-input":{"@type":"PropertyValueSpecification","valueRequired":true,"valueName":"search_term_string"}}],"inLanguage":"ca"},{"@type":"Organization","@id":"https:\/\/ruraleasy.com\/ca\/#organization","name":"RuralEasy is the extension of ApartEasy into the rural areas","url":"https:\/\/ruraleasy.com\/ca\/","logo":{"@type":"ImageObject","inLanguage":"ca","@id":"https:\/\/ruraleasy.com\/ca\/#\/schema\/logo\/image\/","url":"https:\/\/ruraleasy.com\/wp-content\/uploads\/2026\/02\/logo_interior_eng_01.png","contentUrl":"https:\/\/ruraleasy.com\/wp-content\/uploads\/2026\/02\/logo_interior_eng_01.png","width":600,"height":146,"caption":"RuralEasy is the extension of ApartEasy into the rural areas"},"image":{"@id":"https:\/\/ruraleasy.com\/ca\/#\/schema\/logo\/image\/"},"sameAs":["https:\/\/www.facebook.com\/profile.php?id=61586769472382","https:\/\/www.instagram.com\/ruraleasy\/","https:\/\/www.linkedin.com\/company\/ruraleasy\/"]}]}},"_links":{"self":[{"href":"https:\/\/ruraleasy.com\/ca\/wp-json\/wp\/v2\/pages\/26742","targetHints":{"allow":["GET"]}}],"collection":[{"href":"https:\/\/ruraleasy.com\/ca\/wp-json\/wp\/v2\/pages"}],"about":[{"href":"https:\/\/ruraleasy.com\/ca\/wp-json\/wp\/v2\/types\/page"}],"author":[{"embeddable":true,"href":"https:\/\/ruraleasy.com\/ca\/wp-json\/wp\/v2\/users\/2"}],"replies":[{"embeddable":true,"href":"https:\/\/ruraleasy.com\/ca\/wp-json\/wp\/v2\/comments?post=26742"}],"version-history":[{"count":2,"href":"https:\/\/ruraleasy.com\/ca\/wp-json\/wp\/v2\/pages\/26742\/revisions"}],"predecessor-version":[{"id":27929,"href":"https:\/\/ruraleasy.com\/ca\/wp-json\/wp\/v2\/pages\/26742\/revisions\/27929"}],"wp:attachment":[{"href":"https:\/\/ruraleasy.com\/ca\/wp-json\/wp\/v2\/media?parent=26742"}],"curies":[{"name":"wp","href":"https:\/\/api.w.org\/{rel}","templated":true}]}}