{"id":26737,"date":"2026-02-16T18:39:24","date_gmt":"2026-02-16T17:39:24","guid":{"rendered":"https:\/\/ruraleasy.com\/?page_id=26737"},"modified":"2026-03-30T19:23:43","modified_gmt":"2026-03-30T17:23:43","slug":"els-nostres-serveis","status":"publish","type":"page","link":"https:\/\/ruraleasy.com\/ca\/els-nostres-serveis\/","title":{"rendered":"Els nostres serveis"},"content":{"rendered":"\t\t<div data-elementor-type=\"wp-page\" data-elementor-id=\"26737\" class=\"elementor elementor-26737 elementor-25607\">\n\t\t\t\t<div class=\"e-con-gap-no elementor-element elementor-element-2cbc44f e-flex e-con-boxed sc_layouts_column_icons_position_left e-con e-parent\" data-id=\"2cbc44f\" data-element_type=\"container\" data-e-type=\"container\">\n\t\t\t\t\t<div class=\"e-con-inner\">\n\t\t\t\t\t<\/div>\n\t\t\t\t<\/div>\n\t\t\t\t<section class=\"elementor-section elementor-top-section elementor-element elementor-element-4f20e9f elementor-section-boxed elementor-section-height-default elementor-section-height-default sc_fly_static\" data-id=\"4f20e9f\" data-element_type=\"section\" data-e-type=\"section\" data-settings=\"{&quot;background_background&quot;:&quot;classic&quot;}\">\n\t\t\t\t\t\t<div class=\"elementor-container elementor-column-gap-extended\">\n\t\t\t\t\t<div class=\"elementor-column elementor-col-100 elementor-top-column elementor-element elementor-element-c414e67 sc_content_align_inherit sc_layouts_column_icons_position_left sc_fly_static\" data-id=\"c414e67\" data-element_type=\"column\" data-e-type=\"column\">\n\t\t\t<div class=\"elementor-widget-wrap elementor-element-populated\">\n\t\t\t\t\t\t<div class=\"elementor-element elementor-element-2ee0dd4 sc_height_huge sc_fly_static elementor-widget elementor-widget-spacer\" data-id=\"2ee0dd4\" data-element_type=\"widget\" data-e-type=\"widget\" data-widget_type=\"spacer.default\">\n\t\t\t\t\t\t\t<div class=\"elementor-spacer\">\n\t\t\t<div class=\"elementor-spacer-inner\"><\/div>\n\t\t<\/div>\n\t\t\t\t\t\t<\/div>\n\t\t\t\t<div class=\"elementor-element elementor-element-d3e8556 sc_fly_static elementor-widget elementor-widget-trx_sc_title\" data-id=\"d3e8556\" data-element_type=\"widget\" data-e-type=\"widget\" data-widget_type=\"trx_sc_title.default\">\n\t\t\t\t<div class=\"elementor-widget-container\">\n\t\t\t\t\t<div\t\tclass=\"sc_title sc_title_default\" ><h2 class=\"sc_item_title sc_title_title sc_align_center sc_item_title_style_default sc_item_title_tag\"\n\t\t\t><span class=\"sc_item_title_text\">A RuralEasy entenem que cada propietari t\u00e9 una necessitat concreta i per aix\u00f2 ens adaptem a les seves necessitats.<\/span><\/h2><\/div>\t\t\t\t<\/div>\n\t\t\t\t<\/div>\n\t\t\t\t<div class=\"elementor-element elementor-element-50cdd11 sc_height_medium sc_fly_static elementor-widget elementor-widget-spacer\" data-id=\"50cdd11\" data-element_type=\"widget\" data-e-type=\"widget\" data-widget_type=\"spacer.default\">\n\t\t\t\t\t\t\t<div class=\"elementor-spacer\">\n\t\t\t<div class=\"elementor-spacer-inner\"><\/div>\n\t\t<\/div>\n\t\t\t\t\t\t<\/div>\n\t\t\t\t<div class=\"elementor-element elementor-element-6cbbd27 sc_fly_static elementor-widget elementor-widget-text-editor\" data-id=\"6cbbd27\" data-element_type=\"widget\" data-e-type=\"widget\" data-widget_type=\"text-editor.default\">\n\t\t\t\t\t\t\t\t\t<p>Hem preparat una llista de serveis que cobreixen cadascuna de les fases, des del moment inicial fins a una gesti\u00f3 completa del lloguer de casa rural o hotel rural.<\/p><p>Pots triar <b>un o varis serveis<\/b>, o b\u00e9 un <b>conjunt de serveis<\/b> dins dels\u00a0<a href=\"https:\/\/ruraleasy.com\/ca\/plans\/\" target=\"_blank\" rel=\"noopener\">plans a mida<\/a> que et permetran delegar tasques i treure&#8217;t preocupacions.<\/p>\t\t\t\t\t\t\t\t<\/div>\n\t\t\t\t<div class=\"elementor-element elementor-element-851f558 sc_height_huge sc_fly_static elementor-widget elementor-widget-spacer\" data-id=\"851f558\" data-element_type=\"widget\" data-e-type=\"widget\" data-widget_type=\"spacer.default\">\n\t\t\t\t\t\t\t<div class=\"elementor-spacer\">\n\t\t\t<div class=\"elementor-spacer-inner\"><\/div>\n\t\t<\/div>\n\t\t\t\t\t\t<\/div>\n\t\t\t\t\t<\/div>\n\t\t<\/div>\n\t\t\t\t\t<\/div>\n\t\t<\/section>\n\t\t\t\t<section class=\"elementor-section elementor-top-section elementor-element elementor-element-92d8d05 elementor-section-boxed elementor-section-height-default elementor-section-height-default sc_fly_static\" data-id=\"92d8d05\" data-element_type=\"section\" data-e-type=\"section\" data-settings=\"{&quot;background_background&quot;:&quot;classic&quot;}\">\n\t\t\t\t\t\t<div class=\"elementor-container elementor-column-gap-extended\">\n\t\t\t\t\t<div class=\"elementor-column elementor-col-100 elementor-top-column elementor-element elementor-element-22c51c9 sc_content_align_inherit sc_layouts_column_icons_position_left sc_fly_static\" data-id=\"22c51c9\" data-element_type=\"column\" data-e-type=\"column\">\n\t\t\t<div class=\"elementor-widget-wrap elementor-element-populated\">\n\t\t\t\t\t\t<div class=\"elementor-element elementor-element-d491d4c sc_height_huge sc_fly_static elementor-widget elementor-widget-spacer\" data-id=\"d491d4c\" data-element_type=\"widget\" data-e-type=\"widget\" data-widget_type=\"spacer.default\">\n\t\t\t\t\t\t\t<div class=\"elementor-spacer\">\n\t\t\t<div class=\"elementor-spacer-inner\"><\/div>\n\t\t<\/div>\n\t\t\t\t\t\t<\/div>\n\t\t\t\t<section class=\"elementor-section elementor-inner-section elementor-element elementor-element-4db6206 elementor-section-boxed elementor-section-height-default elementor-section-height-default sc_fly_static\" data-id=\"4db6206\" data-element_type=\"section\" data-e-type=\"section\">\n\t\t\t\t\t\t<div class=\"elementor-container elementor-column-gap-extended\">\n\t\t\t\t\t<div class=\"elementor-column elementor-col-100 elementor-inner-column elementor-element elementor-element-e355f6f sc_content_align_inherit sc_layouts_column_icons_position_left sc_fly_static\" data-id=\"e355f6f\" data-element_type=\"column\" data-e-type=\"column\">\n\t\t\t<div class=\"elementor-widget-wrap elementor-element-populated\">\n\t\t\t\t\t\t<div class=\"elementor-element elementor-element-134b87e sc_fly_static elementor-widget elementor-widget-trx_sc_title\" data-id=\"134b87e\" data-element_type=\"widget\" data-e-type=\"widget\" data-widget_type=\"trx_sc_title.default\">\n\t\t\t\t<div class=\"elementor-widget-container\">\n\t\t\t\t\t<div\t\tclass=\"sc_title sc_title_default\" ><h2 class=\"sc_item_title sc_title_title sc_align_center sc_item_title_style_default sc_item_title_tag\"\n\t\t\t><span class=\"sc_item_title_text\">Descobreix els nostres serveis de gesti\u00f3 de cases rurals:<\/span><\/h2><\/div>\t\t\t\t<\/div>\n\t\t\t\t<\/div>\n\t\t\t\t\t<\/div>\n\t\t<\/div>\n\t\t\t\t\t<\/div>\n\t\t<\/section>\n\t\t\t\t<div class=\"elementor-element elementor-element-5d9a2c5 sc_height_medium sc_fly_static elementor-widget elementor-widget-spacer\" data-id=\"5d9a2c5\" data-element_type=\"widget\" data-e-type=\"widget\" data-widget_type=\"spacer.default\">\n\t\t\t\t\t\t\t<div class=\"elementor-spacer\">\n\t\t\t<div class=\"elementor-spacer-inner\"><\/div>\n\t\t<\/div>\n\t\t\t\t\t\t<\/div>\n\t\t\t\t<div class=\"elementor-element elementor-element-531649b scheme_default sc_fly_static elementor-widget elementor-widget-trx_sc_services\" data-id=\"531649b\" data-element_type=\"widget\" data-e-type=\"widget\" data-widget_type=\"trx_sc_services.default\">\n\t\t\t\t<div class=\"elementor-widget-container\">\n\t\t\t\t\t<div class=\"sc_services color_style_dark scheme_default sc_services_breezy sc_services_featured_top\"><div class=\"sc_services_columns_wrap sc_item_columns sc_item_posts_container sc_item_columns_3 trx_addons_columns_wrap columns_padding_bottom\"><div class=\"trx_addons_column-1_3 trx_addons_column-1_2-tablet \"><div data-post-id=\"26683\" class=\"sc_services_item sc_item_container post_container with_content with_image sc_services_item_featured_none post-26683 cpt_services type-cpt_services status-publish has-post-thumbnail hentry\">\n\t\t<div class=\"sc_services_item_content \" style=\"background-image: url(https:\/\/ruraleasy.com\/wp-content\/uploads\/2025\/12\/legal-advice-rural-house-rental-ruraleasy-840x540.jpg);\">\n\t\t\t\t<div class=\"sc_services_item_content_inner\">\n\t\t\t\t\t\t<h6 class=\"sc_services_item_title\"><a href=\"https:\/\/ruraleasy.com\/ca\/services\/assessorament-legal-per-al-lloguer-de-cases-rurals\/\">Assessorament legal per al lloguer de Cases Rurals<\/a><\/h6>\n\t\t\t<div class=\"sc_services_item_text\"><p>Assessorament legal<\/p>\n<\/div><\/div><a class=\"sc_services_item_link\" href=\"https:\/\/ruraleasy.com\/ca\/services\/assessorament-legal-per-al-lloguer-de-cases-rurals\/\"><\/a><\/div><\/div><\/div><div class=\"trx_addons_column-1_3 trx_addons_column-1_2-tablet \"><div data-post-id=\"26686\" class=\"sc_services_item sc_item_container post_container with_content with_image sc_services_item_featured_none post-26686 cpt_services type-cpt_services status-publish has-post-thumbnail hentry\">\n\t\t<div class=\"sc_services_item_content \" style=\"background-image: url(https:\/\/ruraleasy.com\/wp-content\/uploads\/2023\/06\/Es-Bosquerro-054-fantastic-finca-4-840x560.jpg);\">\n\t\t\t\t<div class=\"sc_services_item_content_inner\">\n\t\t\t\t\t\t<h6 class=\"sc_services_item_title\"><a href=\"https:\/\/ruraleasy.com\/ca\/services\/reformes-re-styling-de-cases-rurals\/\">Reformes &amp; re-styling de Cases Rurals<\/a><\/h6>\n\t\t\t<div class=\"sc_services_item_text\"><p>Renovaci\u00f3 i re-styling<\/p>\n<\/div><\/div><a class=\"sc_services_item_link\" href=\"https:\/\/ruraleasy.com\/ca\/services\/reformes-re-styling-de-cases-rurals\/\"><\/a><\/div><\/div><\/div><div class=\"trx_addons_column-1_3 trx_addons_column-1_2-tablet \"><div data-post-id=\"26688\" class=\"sc_services_item sc_item_container post_container with_content with_image sc_services_item_featured_none post-26688 cpt_services type-cpt_services status-publish has-post-thumbnail hentry\">\n\t\t<div class=\"sc_services_item_content \" style=\"background-image: url(https:\/\/ruraleasy.com\/wp-content\/uploads\/2026\/01\/Smart-rural-house-services-RuralEasy-840x473.webp);\">\n\t\t\t\t<div class=\"sc_services_item_content_inner\">\n\t\t\t\t\t\t<h6 class=\"sc_services_item_title\"><a href=\"https:\/\/ruraleasy.com\/ca\/services\/casa-rural-intelligent-serveis-de-domotica-per-a-cases-rurals-i-hotels-rurals\/\">Casa rural intel\u00b7ligent &#8211; Serveis de dom\u00f2tica per a cases rurals i hotels rurals<\/a><\/h6>\n\t\t\t<div class=\"sc_services_item_text\"><p>Casa rural intel\u00b7ligent<\/p>\n<\/div><\/div><a class=\"sc_services_item_link\" href=\"https:\/\/ruraleasy.com\/ca\/services\/casa-rural-intelligent-serveis-de-domotica-per-a-cases-rurals-i-hotels-rurals\/\"><\/a><\/div><\/div><\/div><div class=\"trx_addons_column-1_3 trx_addons_column-1_2-tablet \"><div data-post-id=\"26690\" class=\"sc_services_item sc_item_container post_container with_content with_image sc_services_item_featured_none post-26690 cpt_services type-cpt_services status-publish has-post-thumbnail hentry\">\n\t\t<div class=\"sc_services_item_content \" style=\"background-image: url(https:\/\/ruraleasy.com\/wp-content\/uploads\/2025\/12\/Calderitx-253-fantastic-finca-with-private-pool-childrens-playground-barbecue-and-terrace-1-840x629.jpg);\">\n\t\t\t\t<div class=\"sc_services_item_content_inner\">\n\t\t\t\t\t\t<h6 class=\"sc_services_item_title\"><a href=\"https:\/\/ruraleasy.com\/ca\/services\/comercialitzacio-de-cases-rurals-i-hotels-rurals\/\">Comercialitzaci\u00f3 de Cases Rurals i Hotels Rurals.<\/a><\/h6>\n\t\t\t<div class=\"sc_services_item_text\"><p>M\u00e0rqueting i promoci\u00f3<\/p>\n<\/div><\/div><a class=\"sc_services_item_link\" href=\"https:\/\/ruraleasy.com\/ca\/services\/comercialitzacio-de-cases-rurals-i-hotels-rurals\/\"><\/a><\/div><\/div><\/div><div class=\"trx_addons_column-1_3 trx_addons_column-1_2-tablet \"><div data-post-id=\"26692\" class=\"sc_services_item sc_item_container post_container with_content with_image sc_services_item_featured_none post-26692 cpt_services type-cpt_services status-publish has-post-thumbnail hentry\">\n\t\t<div class=\"sc_services_item_content \" style=\"background-image: url(https:\/\/ruraleasy.com\/wp-content\/uploads\/2025\/12\/customer-care-service-rural-house-2-840x560.jpg);\">\n\t\t\t\t<div class=\"sc_services_item_content_inner\">\n\t\t\t\t\t\t<h6 class=\"sc_services_item_title\"><a href=\"https:\/\/ruraleasy.com\/ca\/services\/atencio-al-client-multilingue-i-gestio-per-a-cases-i-hotels-rurals\/\">Atenci\u00f3 al client multiling\u00fce i gesti\u00f3 per a Cases i Hotels Rurals<\/a><\/h6>\n\t\t\t<div class=\"sc_services_item_text\"><p>Comunicaci\u00f3 multiling\u00fce amb els hostes<\/p>\n<\/div><\/div><a class=\"sc_services_item_link\" href=\"https:\/\/ruraleasy.com\/ca\/services\/atencio-al-client-multilingue-i-gestio-per-a-cases-i-hotels-rurals\/\"><\/a><\/div><\/div><\/div><div class=\"trx_addons_column-1_3 trx_addons_column-1_2-tablet \"><div data-post-id=\"26695\" class=\"sc_services_item sc_item_container post_container with_content with_image sc_services_item_featured_none post-26695 cpt_services type-cpt_services status-publish has-post-thumbnail hentry\">\n\t\t<div class=\"sc_services_item_content \" style=\"background-image: url(https:\/\/ruraleasy.com\/wp-content\/uploads\/2025\/12\/customer-care-service-rural-house-1-840x473.jpg);\">\n\t\t\t\t<div class=\"sc_services_item_content_inner\">\n\t\t\t\t\t\t<h6 class=\"sc_services_item_title\"><a href=\"https:\/\/ruraleasy.com\/ca\/services\/gestio-doperacions-de-cases-i-hotels-rurals\/\">Gesti\u00f3 d\u2019operacions de Cases i Hotels Rurals<\/a><\/h6>\n\t\t\t<div class=\"sc_services_item_text\"><p>Gesti\u00f3 d&#8217;operacions<\/p>\n<\/div><\/div><a class=\"sc_services_item_link\" href=\"https:\/\/ruraleasy.com\/ca\/services\/gestio-doperacions-de-cases-i-hotels-rurals\/\"><\/a><\/div><\/div><\/div><\/div><\/div>\t\t\t\t<\/div>\n\t\t\t\t<\/div>\n\t\t\t\t<div class=\"elementor-element elementor-element-2db23df sc_height_huge sc_fly_static elementor-widget elementor-widget-spacer\" data-id=\"2db23df\" data-element_type=\"widget\" data-e-type=\"widget\" data-widget_type=\"spacer.default\">\n\t\t\t\t\t\t\t<div class=\"elementor-spacer\">\n\t\t\t<div class=\"elementor-spacer-inner\"><\/div>\n\t\t<\/div>\n\t\t\t\t\t\t<\/div>\n\t\t\t\t\t<\/div>\n\t\t<\/div>\n\t\t\t\t\t<\/div>\n\t\t<\/section>\n\t\t\t\t<\/div>\n\t\t","protected":false},"excerpt":{"rendered":"<p>A RuralEasy entenem que cada propietari t\u00e9 una necessitat concreta i per aix\u00f2 ens adaptem a les seves necessitats. Hem preparat una llista de serveis que cobreixen cadascuna de les&hellip;<\/p>\n","protected":false},"author":2,"featured_media":0,"parent":0,"menu_order":0,"comment_status":"closed","ping_status":"closed","template":"","meta":{"footnotes":""},"class_list":["post-26737","page","type-page","status-publish","hentry"],"yoast_head":"<!-- This site is optimized with the Yoast SEO plugin v27.2 - https:\/\/yoast.com\/product\/yoast-seo-wordpress\/ -->\n<title>Els nostres serveis - RuralEasy<\/title>\n<meta name=\"robots\" content=\"index, follow, max-snippet:-1, max-image-preview:large, max-video-preview:-1\" \/>\n<link rel=\"canonical\" href=\"https:\/\/ruraleasy.com\/ca\/els-nostres-serveis\/\" \/>\n<meta property=\"og:locale\" content=\"ca_ES\" \/>\n<meta property=\"og:type\" content=\"article\" \/>\n<meta property=\"og:title\" content=\"Els nostres serveis - RuralEasy\" \/>\n<meta property=\"og:description\" content=\"A RuralEasy entenem que cada propietari t\u00e9 una necessitat concreta i per aix\u00f2 ens adaptem a les seves necessitats. Hem preparat una llista de serveis que cobreixen cadascuna de les&hellip;\" \/>\n<meta property=\"og:url\" content=\"https:\/\/ruraleasy.com\/ca\/els-nostres-serveis\/\" \/>\n<meta property=\"og:site_name\" content=\"RuralEasy\" \/>\n<meta property=\"article:publisher\" content=\"https:\/\/www.facebook.com\/profile.php?id=61586769472382\" \/>\n<meta property=\"article:modified_time\" content=\"2026-03-30T17:23:43+00:00\" \/>\n<meta name=\"twitter:card\" content=\"summary_large_image\" \/>\n<meta name=\"twitter:label1\" content=\"Temps estimat de lectura\" \/>\n\t<meta name=\"twitter:data1\" content=\"1 minut\" \/>\n<script type=\"application\/ld+json\" class=\"yoast-schema-graph\">{\"@context\":\"https:\/\/schema.org\",\"@graph\":[{\"@type\":\"WebPage\",\"@id\":\"https:\/\/ruraleasy.com\/ca\/els-nostres-serveis\/\",\"url\":\"https:\/\/ruraleasy.com\/ca\/els-nostres-serveis\/\",\"name\":\"Els nostres serveis - RuralEasy\",\"isPartOf\":{\"@id\":\"https:\/\/ruraleasy.com\/ca\/#website\"},\"datePublished\":\"2026-02-16T17:39:24+00:00\",\"dateModified\":\"2026-03-30T17:23:43+00:00\",\"breadcrumb\":{\"@id\":\"https:\/\/ruraleasy.com\/ca\/els-nostres-serveis\/#breadcrumb\"},\"inLanguage\":\"ca\",\"potentialAction\":[{\"@type\":\"ReadAction\",\"target\":[\"https:\/\/ruraleasy.com\/ca\/els-nostres-serveis\/\"]}]},{\"@type\":\"BreadcrumbList\",\"@id\":\"https:\/\/ruraleasy.com\/ca\/els-nostres-serveis\/#breadcrumb\",\"itemListElement\":[{\"@type\":\"ListItem\",\"position\":1,\"name\":\"Home\",\"item\":\"https:\/\/ruraleasy.com\/ca\/\"},{\"@type\":\"ListItem\",\"position\":2,\"name\":\"Els nostres serveis\"}]},{\"@type\":\"WebSite\",\"@id\":\"https:\/\/ruraleasy.com\/ca\/#website\",\"url\":\"https:\/\/ruraleasy.com\/ca\/\",\"name\":\"RuralEasy\",\"description\":\"RuralEasy\",\"publisher\":{\"@id\":\"https:\/\/ruraleasy.com\/ca\/#organization\"},\"potentialAction\":[{\"@type\":\"SearchAction\",\"target\":{\"@type\":\"EntryPoint\",\"urlTemplate\":\"https:\/\/ruraleasy.com\/ca\/?s={search_term_string}\"},\"query-input\":{\"@type\":\"PropertyValueSpecification\",\"valueRequired\":true,\"valueName\":\"search_term_string\"}}],\"inLanguage\":\"ca\"},{\"@type\":\"Organization\",\"@id\":\"https:\/\/ruraleasy.com\/ca\/#organization\",\"name\":\"RuralEasy is the extension of ApartEasy into the rural areas\",\"url\":\"https:\/\/ruraleasy.com\/ca\/\",\"logo\":{\"@type\":\"ImageObject\",\"inLanguage\":\"ca\",\"@id\":\"https:\/\/ruraleasy.com\/ca\/#\/schema\/logo\/image\/\",\"url\":\"https:\/\/ruraleasy.com\/wp-content\/uploads\/2026\/02\/logo_interior_eng_01.png\",\"contentUrl\":\"https:\/\/ruraleasy.com\/wp-content\/uploads\/2026\/02\/logo_interior_eng_01.png\",\"width\":600,\"height\":146,\"caption\":\"RuralEasy is the extension of ApartEasy into the rural areas\"},\"image\":{\"@id\":\"https:\/\/ruraleasy.com\/ca\/#\/schema\/logo\/image\/\"},\"sameAs\":[\"https:\/\/www.facebook.com\/profile.php?id=61586769472382\",\"https:\/\/www.instagram.com\/ruraleasy\/\",\"https:\/\/www.linkedin.com\/company\/ruraleasy\/\"]}]}<\/script>\n<!-- \/ Yoast SEO plugin. -->","yoast_head_json":{"title":"Els nostres serveis - RuralEasy","robots":{"index":"index","follow":"follow","max-snippet":"max-snippet:-1","max-image-preview":"max-image-preview:large","max-video-preview":"max-video-preview:-1"},"canonical":"https:\/\/ruraleasy.com\/ca\/els-nostres-serveis\/","og_locale":"ca_ES","og_type":"article","og_title":"Els nostres serveis - RuralEasy","og_description":"A RuralEasy entenem que cada propietari t\u00e9 una necessitat concreta i per aix\u00f2 ens adaptem a les seves necessitats. Hem preparat una llista de serveis que cobreixen cadascuna de les&hellip;","og_url":"https:\/\/ruraleasy.com\/ca\/els-nostres-serveis\/","og_site_name":"RuralEasy","article_publisher":"https:\/\/www.facebook.com\/profile.php?id=61586769472382","article_modified_time":"2026-03-30T17:23:43+00:00","twitter_card":"summary_large_image","twitter_misc":{"Temps estimat de lectura":"1 minut"},"schema":{"@context":"https:\/\/schema.org","@graph":[{"@type":"WebPage","@id":"https:\/\/ruraleasy.com\/ca\/els-nostres-serveis\/","url":"https:\/\/ruraleasy.com\/ca\/els-nostres-serveis\/","name":"Els nostres serveis - RuralEasy","isPartOf":{"@id":"https:\/\/ruraleasy.com\/ca\/#website"},"datePublished":"2026-02-16T17:39:24+00:00","dateModified":"2026-03-30T17:23:43+00:00","breadcrumb":{"@id":"https:\/\/ruraleasy.com\/ca\/els-nostres-serveis\/#breadcrumb"},"inLanguage":"ca","potentialAction":[{"@type":"ReadAction","target":["https:\/\/ruraleasy.com\/ca\/els-nostres-serveis\/"]}]},{"@type":"BreadcrumbList","@id":"https:\/\/ruraleasy.com\/ca\/els-nostres-serveis\/#breadcrumb","itemListElement":[{"@type":"ListItem","position":1,"name":"Home","item":"https:\/\/ruraleasy.com\/ca\/"},{"@type":"ListItem","position":2,"name":"Els nostres serveis"}]},{"@type":"WebSite","@id":"https:\/\/ruraleasy.com\/ca\/#website","url":"https:\/\/ruraleasy.com\/ca\/","name":"RuralEasy","description":"RuralEasy","publisher":{"@id":"https:\/\/ruraleasy.com\/ca\/#organization"},"potentialAction":[{"@type":"SearchAction","target":{"@type":"EntryPoint","urlTemplate":"https:\/\/ruraleasy.com\/ca\/?s={search_term_string}"},"query-input":{"@type":"PropertyValueSpecification","valueRequired":true,"valueName":"search_term_string"}}],"inLanguage":"ca"},{"@type":"Organization","@id":"https:\/\/ruraleasy.com\/ca\/#organization","name":"RuralEasy is the extension of ApartEasy into the rural areas","url":"https:\/\/ruraleasy.com\/ca\/","logo":{"@type":"ImageObject","inLanguage":"ca","@id":"https:\/\/ruraleasy.com\/ca\/#\/schema\/logo\/image\/","url":"https:\/\/ruraleasy.com\/wp-content\/uploads\/2026\/02\/logo_interior_eng_01.png","contentUrl":"https:\/\/ruraleasy.com\/wp-content\/uploads\/2026\/02\/logo_interior_eng_01.png","width":600,"height":146,"caption":"RuralEasy is the extension of ApartEasy into the rural areas"},"image":{"@id":"https:\/\/ruraleasy.com\/ca\/#\/schema\/logo\/image\/"},"sameAs":["https:\/\/www.facebook.com\/profile.php?id=61586769472382","https:\/\/www.instagram.com\/ruraleasy\/","https:\/\/www.linkedin.com\/company\/ruraleasy\/"]}]}},"_links":{"self":[{"href":"https:\/\/ruraleasy.com\/ca\/wp-json\/wp\/v2\/pages\/26737","targetHints":{"allow":["GET"]}}],"collection":[{"href":"https:\/\/ruraleasy.com\/ca\/wp-json\/wp\/v2\/pages"}],"about":[{"href":"https:\/\/ruraleasy.com\/ca\/wp-json\/wp\/v2\/types\/page"}],"author":[{"embeddable":true,"href":"https:\/\/ruraleasy.com\/ca\/wp-json\/wp\/v2\/users\/2"}],"replies":[{"embeddable":true,"href":"https:\/\/ruraleasy.com\/ca\/wp-json\/wp\/v2\/comments?post=26737"}],"version-history":[{"count":2,"href":"https:\/\/ruraleasy.com\/ca\/wp-json\/wp\/v2\/pages\/26737\/revisions"}],"predecessor-version":[{"id":28102,"href":"https:\/\/ruraleasy.com\/ca\/wp-json\/wp\/v2\/pages\/26737\/revisions\/28102"}],"wp:attachment":[{"href":"https:\/\/ruraleasy.com\/ca\/wp-json\/wp\/v2\/media?parent=26737"}],"curies":[{"name":"wp","href":"https:\/\/api.w.org\/{rel}","templated":true}]}}